{"id":440,"date":"2023-08-20T11:20:21","date_gmt":"2023-08-20T09:20:21","guid":{"rendered":"https:\/\/dev.fomedia.io\/mvc\/?page_id=440"},"modified":"2023-08-24T20:46:05","modified_gmt":"2023-08-24T18:46:05","slug":"services","status":"publish","type":"page","link":"https:\/\/medical-valley-forchheim.de\/en\/services\/","title":{"rendered":"Services"},"content":{"rendered":"<div data-elementor-type=\"wp-page\" data-elementor-id=\"440\" class=\"elementor elementor-440\" data-elementor-post-type=\"page\">\n\t\t\t\t<div class=\"elementor-element elementor-element-2e2ccf85 e-flex e-con-boxed e-con e-parent\" data-id=\"2e2ccf85\" data-element_type=\"container\" data-e-type=\"container\">\n\t\t\t\t\t<div class=\"e-con-inner\">\n\t\t<div class=\"elementor-element elementor-element-67cc9f2d e-con-full e-flex e-con e-parent\" data-id=\"67cc9f2d\" data-element_type=\"container\" data-e-type=\"container\">\n\t\t\t\t<div class=\"elementor-element elementor-element-577a6842 elementor-widget elementor-widget-text-editor\" data-id=\"577a6842\" data-element_type=\"widget\" data-e-type=\"widget\" data-widget_type=\"text-editor.default\">\n\t\t\t\t<div class=\"elementor-widget-container\">\n\t\t\t\t\t\t\t\t\t<h1>Services<\/h1><h3>Our services at a glance.<\/h3>\t\t\t\t\t\t\t\t<\/div>\n\t\t\t\t<\/div>\n\t\t\t\t<\/div>\n\t\t\t\t\t<\/div>\n\t\t\t\t<\/div>\n\t\t<div class=\"elementor-element elementor-element-4e50bc2e e-flex e-con-boxed e-con e-parent\" data-id=\"4e50bc2e\" data-element_type=\"container\" data-e-type=\"container\">\n\t\t\t\t\t<div class=\"e-con-inner\">\n\t\t<div class=\"elementor-element elementor-element-f3a6bd1 e-con-full e-flex e-con e-parent\" data-id=\"f3a6bd1\" data-element_type=\"container\" data-e-type=\"container\">\n\t\t\t\t<div class=\"elementor-element elementor-element-e5c4586 elementor-view-default elementor-position-block-start elementor-mobile-position-block-start elementor-widget elementor-widget-global elementor-global-424 elementor-widget-icon-box\" data-id=\"e5c4586\" data-element_type=\"widget\" data-e-type=\"widget\" data-widget_type=\"icon-box.default\">\n\t\t\t\t<div class=\"elementor-widget-container\">\n\t\t\t\t\t\t\t<div class=\"elementor-icon-box-wrapper\">\n\n\t\t\t\t\t\t<div class=\"elementor-icon-box-icon\">\n\t\t\t\t<span  class=\"elementor-icon\">\n\t\t\t\t<svg xmlns=\"http:\/\/www.w3.org\/2000\/svg\" height=\"48\" width=\"48\" viewbox=\"0 0 48 48\"><title>office chair<\/title><g fill=\"#c61618\" class=\"nc-icon-wrapper\"><path fill=\"#c61618\" d=\"M45,22h-3c-0.553,0-1,0.448-1,1s0.447,1,1,1h2v12h-3v0c0-3.314-2.686-6-6-6H13c-3.314,0-6,2.686-6,6v0H4V24 h2c0.553,0,1-0.448,1-1s-0.447-1-1-1H3c-0.552,0-1,0.448-1,1v14c0,0.552,0.448,1,1,1h5h1h29h2h5c0.552,0,1-0.448,1-1V23 C46,22.448,45.552,22,45,22z\"><\/path><path fill=\"#c61618\" d=\"M37,28V2c0-0.552-0.447-1-1-1H12c-0.553,0-1,0.448-1,1v26H37z\"><\/path><path data-color=\"color-2\" d=\"M34,45h-9v-5h-2v5h-9c-0.553,0-1,0.448-1,1s0.447,1,1,1h20c0.553,0,1-0.448,1-1S34.553,45,34,45z \"><\/path><\/g><\/svg>\t\t\t\t<\/span>\n\t\t\t<\/div>\n\t\t\t\n\t\t\t\t\t\t<div class=\"elementor-icon-box-content\">\n\n\t\t\t\t\t\t\t\t\t<h3 class=\"elementor-icon-box-title\">\n\t\t\t\t\t\t<span  >\n\t\t\t\t\t\t\tOffice space\t\t\t\t\t\t<\/span>\n\t\t\t\t\t<\/h3>\n\t\t\t\t\n\t\t\t\t\t\t\t\t\t<p class=\"elementor-icon-box-description\">\n\t\t\t\t\t\t<p>Office space in one of the economically strongest and scientifically most active medical technology clusters.<br><a href=\"https:\/\/medical-valley-forchheim.de\/en\/services\/office-space\/\">Learn more<\/a>\t\t\t\t\t<\/p>\n\t\t\t\t\n\t\t\t<\/div>\n\t\t\t\n\t\t<\/div>\n\t\t\t\t\t\t<\/div>\n\t\t\t\t<\/div>\n\t\t\t\t<\/div>\n\t\t<div class=\"elementor-element elementor-element-5985d6c0 e-con-full e-flex e-con e-parent\" data-id=\"5985d6c0\" data-element_type=\"container\" data-e-type=\"container\">\n\t\t\t\t<div class=\"elementor-element elementor-element-f7bf658 elementor-view-default elementor-position-block-start elementor-mobile-position-block-start elementor-widget elementor-widget-global elementor-global-427 elementor-widget-icon-box\" data-id=\"f7bf658\" data-element_type=\"widget\" data-e-type=\"widget\" data-widget_type=\"icon-box.default\">\n\t\t\t\t<div class=\"elementor-widget-container\">\n\t\t\t\t\t\t\t<div class=\"elementor-icon-box-wrapper\">\n\n\t\t\t\t\t\t<div class=\"elementor-icon-box-icon\">\n\t\t\t\t<span  class=\"elementor-icon\">\n\t\t\t\t<svg xmlns=\"http:\/\/www.w3.org\/2000\/svg\" height=\"48\" width=\"48\" viewbox=\"0 0 48 48\"><title>conference room<\/title><g fill=\"#c61618\" class=\"nc-icon-wrapper\"><path d=\"M5.5,16A4.5,4.5,0,1,1,10,11.5,4.5,4.5,0,0,1,5.5,16Z\" data-color=\"color-2\"><\/path><path d=\"M5.5,28.5A4.5,4.5,0,1,1,10,24,4.5,4.5,0,0,1,5.5,28.5Z\" data-color=\"color-2\"><\/path><path d=\"M5.5,41A4.5,4.5,0,1,1,10,36.5,4.5,4.5,0,0,1,5.5,41Z\" data-color=\"color-2\"><\/path><path d=\"M42.5,16A4.5,4.5,0,1,1,47,11.5,4.5,4.5,0,0,1,42.5,16Z\" data-color=\"color-2\"><\/path><path d=\"M42.5,28.5A4.5,4.5,0,1,1,47,24,4.5,4.5,0,0,1,42.5,28.5Z\" data-color=\"color-2\"><\/path><path d=\"M42.5,41A4.5,4.5,0,1,1,47,36.5,4.5,4.5,0,0,1,42.5,41Z\" data-color=\"color-2\"><\/path><path d=\"M32,5H16a3,3,0,0,0-3,3V40a3,3,0,0,0,3,3H32a3,3,0,0,0,3-3V8A3,3,0,0,0,32,5ZM26,27a1,1,0,0,1-1,1H23a1,1,0,0,1-1-1V22a1,1,0,0,1,1-1h2a1,1,0,0,1,1,1Z\" fill=\"#c61618\"><\/path><\/g><\/svg>\t\t\t\t<\/span>\n\t\t\t<\/div>\n\t\t\t\n\t\t\t\t\t\t<div class=\"elementor-icon-box-content\">\n\n\t\t\t\t\t\t\t\t\t<h3 class=\"elementor-icon-box-title\">\n\t\t\t\t\t\t<span  >\n\t\t\t\t\t\t\tConference rooms\t\t\t\t\t\t<\/span>\n\t\t\t\t\t<\/h3>\n\t\t\t\t\n\t\t\t\t\t\t\t\t\t<p class=\"elementor-icon-box-description\">\n\t\t\t\t\t\tAre you planning a seminar, a conference or a lecture?<br><a href=\"https:\/\/medical-valley-forchheim.de\/en\/services\/conference-rooms\/\">Learn more<\/a>\t\t\t\t\t<\/p>\n\t\t\t\t\n\t\t\t<\/div>\n\t\t\t\n\t\t<\/div>\n\t\t\t\t\t\t<\/div>\n\t\t\t\t<\/div>\n\t\t\t\t<\/div>\n\t\t<div class=\"elementor-element elementor-element-05d32c0 e-con-full e-flex e-con e-parent\" data-id=\"05d32c0\" data-element_type=\"container\" data-e-type=\"container\">\n\t\t\t\t<div class=\"elementor-element elementor-element-5fb22a4 elementor-view-default elementor-position-block-start elementor-mobile-position-block-start elementor-widget elementor-widget-global elementor-global-430 elementor-widget-icon-box\" data-id=\"5fb22a4\" data-element_type=\"widget\" data-e-type=\"widget\" data-widget_type=\"icon-box.default\">\n\t\t\t\t<div class=\"elementor-widget-container\">\n\t\t\t\t\t\t\t<div class=\"elementor-icon-box-wrapper\">\n\n\t\t\t\t\t\t<div class=\"elementor-icon-box-icon\">\n\t\t\t\t<span  class=\"elementor-icon\">\n\t\t\t\t<svg xmlns=\"http:\/\/www.w3.org\/2000\/svg\" height=\"48\" width=\"48\" viewbox=\"0 0 48 48\"><title>spaceship<\/title><g fill=\"#c61618\" class=\"nc-icon-wrapper\"><path data-color=\"color-2\" d=\"M22.317,7.141C16.258,5.9,9.8,8.543,5.214,14.382a1,1,0,0,0,.079,1.325l4.758,4.759A47.18,47.18,0,0,1,22.317,7.141Z\"><\/path><path data-color=\"color-2\" d=\"M27.509,37.924l4.784,4.783a1,1,0,0,0,1.325.079c5.875-4.616,8.52-11.122,7.221-17.213A47.779,47.779,0,0,1,27.509,37.924Z\"><\/path><path d=\"M46.708,1.3A.974.974,0,0,0,45.948,1C18.506,2.433,9.156,26.405,9.064,26.647a1,1,0,0,0,.229,1.06l11,11A1,1,0,0,0,21,39a.987.987,0,0,0,.358-.066C21.6,38.841,45.447,29.374,47,2.057A1,1,0,0,0,46.708,1.3ZM27,25a4,4,0,1,1,4-4A4,4,0,0,1,27,25Z\" fill=\"#c61618\"><\/path><path data-color=\"color-2\" d=\"M12.243,35.757a6.007,6.007,0,0,0-8.486,0h0C1.6,37.913,1.057,45.118,1,45.933A1,1,0,0,0,2,47l.067,0c.815-.056,8.02-.6,10.176-2.755A6.007,6.007,0,0,0,12.243,35.757Z\"><\/path><\/g><\/svg>\t\t\t\t<\/span>\n\t\t\t<\/div>\n\t\t\t\n\t\t\t\t\t\t<div class=\"elementor-icon-box-content\">\n\n\t\t\t\t\t\t\t\t\t<h3 class=\"elementor-icon-box-title\">\n\t\t\t\t\t\t<span  >\n\t\t\t\t\t\t\tStart-up service\t\t\t\t\t\t<\/span>\n\t\t\t\t\t<\/h3>\n\t\t\t\t\n\t\t\t\t\t\t\t\t\t<p class=\"elementor-icon-box-description\">\n\t\t\t\t\t\tHelp with the \"time to market\" process and with finding investors.<br><a href=\"https:\/\/medical-valley-forchheim.de\/en\/services\/start-up-services\/\">Learn more<\/a>\t\t\t\t\t<\/p>\n\t\t\t\t\n\t\t\t<\/div>\n\t\t\t\n\t\t<\/div>\n\t\t\t\t\t\t<\/div>\n\t\t\t\t<\/div>\n\t\t\t\t<\/div>\n\t\t<div class=\"elementor-element elementor-element-18a37a2 e-con-full e-flex e-con e-parent\" data-id=\"18a37a2\" data-element_type=\"container\" data-e-type=\"container\">\n\t\t\t\t<div class=\"elementor-element elementor-element-7862167 elementor-view-default elementor-position-block-start elementor-mobile-position-block-start elementor-widget elementor-widget-global elementor-global-433 elementor-widget-icon-box\" data-id=\"7862167\" data-element_type=\"widget\" data-e-type=\"widget\" data-widget_type=\"icon-box.default\">\n\t\t\t\t<div class=\"elementor-widget-container\">\n\t\t\t\t\t\t\t<div class=\"elementor-icon-box-wrapper\">\n\n\t\t\t\t\t\t<div class=\"elementor-icon-box-icon\">\n\t\t\t\t<span  class=\"elementor-icon\">\n\t\t\t\t<svg xmlns=\"http:\/\/www.w3.org\/2000\/svg\" height=\"48\" width=\"48\" viewbox=\"0 0 48 48\"><title>chef<\/title><g fill=\"#c61618\" class=\"nc-icon-wrapper\"><path d=\"M17,37a1,1,0,0,1,.615-.923l3.523-1.468a11,11,0,0,1-4.906-2.829,40.033,40.033,0,0,0-5.641,1.563A6.985,6.985,0,0,0,6,39.916V46a1,1,0,0,0,1,1H17Z\" fill=\"#c61618\"><\/path><path d=\"M37.409,33.343a40.033,40.033,0,0,0-5.641-1.563c-.326.326-1.118.96-1.154.988a10.935,10.935,0,0,1-4.837,2.075L19,37.667V47H41a1,1,0,0,0,1-1V39.916A6.985,6.985,0,0,0,37.409,33.343ZM23.5,43A1.5,1.5,0,1,1,25,41.5,1.5,1.5,0,0,1,23.5,43Z\" fill=\"#c61618\"><\/path><path d=\"M32,3a5.788,5.788,0,0,0-2.244.452,7.982,7.982,0,0,0-11.512,0A5.788,5.788,0,0,0,16,3a6,6,0,0,0-1,11.917V24a9,9,0,0,0,18,0V14.917A6,6,0,0,0,32,3ZM24,31a7.009,7.009,0,0,1-7-7V20H31v4A7.009,7.009,0,0,1,24,31Z\" data-color=\"color-2\"><\/path><\/g><\/svg>\t\t\t\t<\/span>\n\t\t\t<\/div>\n\t\t\t\n\t\t\t\t\t\t<div class=\"elementor-icon-box-content\">\n\n\t\t\t\t\t\t\t\t\t<h3 class=\"elementor-icon-box-title\">\n\t\t\t\t\t\t<span  >\n\t\t\t\t\t\t\tCatering &amp; Restaurant\t\t\t\t\t\t<\/span>\n\t\t\t\t\t<\/h3>\n\t\t\t\t\n\t\t\t\t\t\t\t\t\t<p class=\"elementor-icon-box-description\">\n\t\t\t\t\t\tHiroSakao - Japanese cuisine, traditional\nyet interpreted in a modern way.<br><a href=\"https:\/\/medical-valley-forchheim.de\/en\/services\/catering-restaurant\/\">Learn more<\/a>\t\t\t\t\t<\/p>\n\t\t\t\t\n\t\t\t<\/div>\n\t\t\t\n\t\t<\/div>\n\t\t\t\t\t\t<\/div>\n\t\t\t\t<\/div>\n\t\t\t\t<\/div>\n\t\t\t\t\t<\/div>\n\t\t\t\t<\/div>\n\t\t\t\t<\/div>","protected":false},"excerpt":{"rendered":"<p>Services Unsere Leistungen auf einen Blick. office chair B\u00fcror\u00e4ume B\u00fcrofl\u00e4chen in einem der wirtschaftlich st\u00e4rksten und wissenschaftlich aktivsten Medizintechnik-Cluster. Mehr erfahren conference room Konferenzr\u00e4ume Sie planen ein Seminar, eine Tagung oder einen Vortrag? Mehr erfahren spaceship Start-up Service Hilfe beim \u201etime to market\u201c-Prozess und bei der Kapitalgebersuche. Mehr erfahren chef Catering &#038; Restaurant HiroSakao \u2013 [&hellip;]<\/p>\n","protected":false},"author":1,"featured_media":858,"parent":0,"menu_order":0,"comment_status":"closed","ping_status":"closed","template":"","meta":{"footnotes":""},"class_list":["post-440","page","type-page","status-publish","has-post-thumbnail","hentry"],"aioseo_notices":[],"aioseo_head":"\n\t\t<!-- All in One SEO Pro 4.9.5.2 - aioseo.com -->\n\t<meta name=\"description\" content=\"Entdecken Sie unsere Dienstleistungen im Medical Valley Center Forchheim.\" \/>\n\t<meta name=\"robots\" content=\"max-image-preview:large\" \/>\n\t<link rel=\"canonical\" href=\"https:\/\/medical-valley-forchheim.de\/en\/services\/\" \/>\n\t<meta name=\"generator\" content=\"All in One SEO Pro (AIOSEO) 4.9.5.2\" \/>\n\t\t<meta property=\"og:locale\" content=\"en_GB\" \/>\n\t\t<meta property=\"og:site_name\" content=\"Medical Valley Forchheim GmbH -\" \/>\n\t\t<meta property=\"og:type\" content=\"article\" \/>\n\t\t<meta property=\"og:title\" content=\"Unsere Services - Medical Valley Forchheim GmbH\" \/>\n\t\t<meta property=\"og:description\" content=\"Entdecken Sie unsere Dienstleistungen im Medical Valley Center Forchheim.\" \/>\n\t\t<meta property=\"og:url\" content=\"https:\/\/medical-valley-forchheim.de\/en\/services\/\" \/>\n\t\t<meta property=\"og:image\" content=\"https:\/\/medical-valley-forchheim.de\/wp-content\/uploads\/2023\/08\/mvc-forchheim-001_1680_80.jpg\" \/>\n\t\t<meta property=\"og:image:secure_url\" content=\"https:\/\/medical-valley-forchheim.de\/wp-content\/uploads\/2023\/08\/mvc-forchheim-001_1680_80.jpg\" \/>\n\t\t<meta property=\"og:image:width\" content=\"1680\" \/>\n\t\t<meta property=\"og:image:height\" content=\"945\" \/>\n\t\t<meta property=\"article:published_time\" content=\"2023-08-20T09:20:21+00:00\" \/>\n\t\t<meta property=\"article:modified_time\" content=\"2023-08-24T18:46:05+00:00\" \/>\n\t\t<meta name=\"twitter:card\" content=\"summary_large_image\" \/>\n\t\t<meta name=\"twitter:title\" content=\"Unsere Services - Medical Valley Forchheim GmbH\" \/>\n\t\t<meta name=\"twitter:description\" content=\"Entdecken Sie unsere Dienstleistungen im Medical Valley Center Forchheim.\" \/>\n\t\t<meta name=\"twitter:image\" content=\"https:\/\/medical-valley-forchheim.de\/wp-content\/uploads\/2023\/08\/mvc-forchheim-001_1680_80.jpg\" \/>\n\t\t<script type=\"application\/ld+json\" class=\"aioseo-schema\">\n\t\t\t{\"@context\":\"https:\\\/\\\/schema.org\",\"@graph\":[{\"@type\":\"BreadcrumbList\",\"@id\":\"https:\\\/\\\/medical-valley-forchheim.de\\\/en\\\/services\\\/#breadcrumblist\",\"itemListElement\":[{\"@type\":\"ListItem\",\"@id\":\"https:\\\/\\\/medical-valley-forchheim.de\\\/en#listItem\",\"position\":1,\"name\":\"Home\",\"item\":\"https:\\\/\\\/medical-valley-forchheim.de\\\/en\",\"nextItem\":{\"@type\":\"ListItem\",\"@id\":\"https:\\\/\\\/medical-valley-forchheim.de\\\/en\\\/services\\\/#listItem\",\"name\":\"Services\"}},{\"@type\":\"ListItem\",\"@id\":\"https:\\\/\\\/medical-valley-forchheim.de\\\/en\\\/services\\\/#listItem\",\"position\":2,\"name\":\"Services\",\"previousItem\":{\"@type\":\"ListItem\",\"@id\":\"https:\\\/\\\/medical-valley-forchheim.de\\\/en#listItem\",\"name\":\"Home\"}}]},{\"@type\":\"Organization\",\"@id\":\"https:\\\/\\\/medical-valley-forchheim.de\\\/en\\\/#organization\",\"name\":\"Medical Valley Center Forchheim\",\"url\":\"https:\\\/\\\/medical-valley-forchheim.de\\\/en\\\/\",\"telephone\":\"+4991919504010\",\"logo\":{\"@type\":\"ImageObject\",\"url\":\"https:\\\/\\\/medical-valley-forchheim.de\\\/wp-content\\\/uploads\\\/2023\\\/08\\\/medical-valley-logo.jpg\",\"@id\":\"https:\\\/\\\/medical-valley-forchheim.de\\\/en\\\/services\\\/#organizationLogo\"},\"image\":{\"@id\":\"https:\\\/\\\/medical-valley-forchheim.de\\\/en\\\/services\\\/#organizationLogo\"}},{\"@type\":\"WebPage\",\"@id\":\"https:\\\/\\\/medical-valley-forchheim.de\\\/en\\\/services\\\/#webpage\",\"url\":\"https:\\\/\\\/medical-valley-forchheim.de\\\/en\\\/services\\\/\",\"name\":\"Unsere Services - Medical Valley Forchheim GmbH\",\"description\":\"Entdecken Sie unsere Dienstleistungen im Medical Valley Center Forchheim.\",\"inLanguage\":\"en-GB\",\"isPartOf\":{\"@id\":\"https:\\\/\\\/medical-valley-forchheim.de\\\/en\\\/#website\"},\"breadcrumb\":{\"@id\":\"https:\\\/\\\/medical-valley-forchheim.de\\\/en\\\/services\\\/#breadcrumblist\"},\"image\":{\"@type\":\"ImageObject\",\"url\":\"https:\\\/\\\/medical-valley-forchheim.de\\\/wp-content\\\/uploads\\\/2023\\\/08\\\/mvc-forchheim-003_1680_80.jpg\",\"@id\":\"https:\\\/\\\/medical-valley-forchheim.de\\\/en\\\/services\\\/#mainImage\",\"width\":1680,\"height\":945,\"caption\":\"Im Garten des MVC sind eine klassische Bank und eine wei\\u00dfe Sitzgelegenheit in Form eines \\\"I\\\" zu sehen. Ein kleiner Baum und einige B\\u00fcsche befinden sich im Hintergrund, w\\u00e4hrend rote Lampen, die wie Mohnblumen aussehen, das Bild beleuchten.\"},\"primaryImageOfPage\":{\"@id\":\"https:\\\/\\\/medical-valley-forchheim.de\\\/en\\\/services\\\/#mainImage\"},\"datePublished\":\"2023-08-20T11:20:21+02:00\",\"dateModified\":\"2023-08-24T20:46:05+02:00\"},{\"@type\":\"WebSite\",\"@id\":\"https:\\\/\\\/medical-valley-forchheim.de\\\/en\\\/#website\",\"url\":\"https:\\\/\\\/medical-valley-forchheim.de\\\/en\\\/\",\"name\":\"Medical Valley Center Forchheim\",\"inLanguage\":\"en-GB\",\"publisher\":{\"@id\":\"https:\\\/\\\/medical-valley-forchheim.de\\\/en\\\/#organization\"}}]}\n\t\t<\/script>\n\t\t<!-- All in One SEO Pro -->\r\n\t\t<title>Unsere Services - Medical Valley Forchheim GmbH<\/title>\n\n","aioseo_head_json":{"title":"Our services - Medical Valley Forchheim GmbH","description":"Discover our services at the Medical Valley Center Forchheim.","canonical_url":"https:\/\/medical-valley-forchheim.de\/en\/services\/","robots":"max-image-preview:large","keywords":"","webmasterTools":{"miscellaneous":""},"schema":{"@context":"https:\/\/schema.org","@graph":[{"@type":"BreadcrumbList","@id":"https:\/\/medical-valley-forchheim.de\/en\/services\/#breadcrumblist","itemListElement":[{"@type":"ListItem","@id":"https:\/\/medical-valley-forchheim.de\/en#listItem","position":1,"name":"Home","item":"https:\/\/medical-valley-forchheim.de\/en","nextItem":{"@type":"ListItem","@id":"https:\/\/medical-valley-forchheim.de\/en\/services\/#listItem","name":"Services"}},{"@type":"ListItem","@id":"https:\/\/medical-valley-forchheim.de\/en\/services\/#listItem","position":2,"name":"Services","previousItem":{"@type":"ListItem","@id":"https:\/\/medical-valley-forchheim.de\/en#listItem","name":"Home"}}]},{"@type":"Organization","@id":"https:\/\/medical-valley-forchheim.de\/en\/#organization","name":"Medical Valley Center Forchheim","url":"https:\/\/medical-valley-forchheim.de\/en\/","telephone":"+4991919504010","logo":{"@type":"ImageObject","url":"https:\/\/medical-valley-forchheim.de\/wp-content\/uploads\/2023\/08\/medical-valley-logo.jpg","@id":"https:\/\/medical-valley-forchheim.de\/en\/services\/#organizationLogo"},"image":{"@id":"https:\/\/medical-valley-forchheim.de\/en\/services\/#organizationLogo"}},{"@type":"WebPage","@id":"https:\/\/medical-valley-forchheim.de\/en\/services\/#webpage","url":"https:\/\/medical-valley-forchheim.de\/en\/services\/","name":"Unsere Services - Medical Valley Forchheim GmbH","description":"Entdecken Sie unsere Dienstleistungen im Medical Valley Center Forchheim.","inLanguage":"en-GB","isPartOf":{"@id":"https:\/\/medical-valley-forchheim.de\/en\/#website"},"breadcrumb":{"@id":"https:\/\/medical-valley-forchheim.de\/en\/services\/#breadcrumblist"},"image":{"@type":"ImageObject","url":"https:\/\/medical-valley-forchheim.de\/wp-content\/uploads\/2023\/08\/mvc-forchheim-003_1680_80.jpg","@id":"https:\/\/medical-valley-forchheim.de\/en\/services\/#mainImage","width":1680,"height":945,"caption":"Im Garten des MVC sind eine klassische Bank und eine wei\u00dfe Sitzgelegenheit in Form eines \"I\" zu sehen. Ein kleiner Baum und einige B\u00fcsche befinden sich im Hintergrund, w\u00e4hrend rote Lampen, die wie Mohnblumen aussehen, das Bild beleuchten."},"primaryImageOfPage":{"@id":"https:\/\/medical-valley-forchheim.de\/en\/services\/#mainImage"},"datePublished":"2023-08-20T11:20:21+02:00","dateModified":"2023-08-24T20:46:05+02:00"},{"@type":"WebSite","@id":"https:\/\/medical-valley-forchheim.de\/en\/#website","url":"https:\/\/medical-valley-forchheim.de\/en\/","name":"Medical Valley Center Forchheim","inLanguage":"en-GB","publisher":{"@id":"https:\/\/medical-valley-forchheim.de\/en\/#organization"}}]},"og:locale":"en_GB","og:site_name":"Medical Valley Forchheim GmbH -","og:type":"article","og:title":"Unsere Services - Medical Valley Forchheim GmbH","og:description":"Entdecken Sie unsere Dienstleistungen im Medical Valley Center Forchheim.","og:url":"https:\/\/medical-valley-forchheim.de\/en\/services\/","og:image":"https:\/\/medical-valley-forchheim.de\/wp-content\/uploads\/2023\/08\/mvc-forchheim-001_1680_80.jpg","og:image:secure_url":"https:\/\/medical-valley-forchheim.de\/wp-content\/uploads\/2023\/08\/mvc-forchheim-001_1680_80.jpg","og:image:width":1680,"og:image:height":945,"article:published_time":"2023-08-20T09:20:21+00:00","article:modified_time":"2023-08-24T18:46:05+00:00","twitter:card":"summary_large_image","twitter:title":"Unsere Services - Medical Valley Forchheim GmbH","twitter:description":"Entdecken Sie unsere Dienstleistungen im Medical Valley Center Forchheim.","twitter:image":"https:\/\/medical-valley-forchheim.de\/wp-content\/uploads\/2023\/08\/mvc-forchheim-001_1680_80.jpg"},"aioseo_meta_data":{"post_id":"440","title":"Our services #separator_sa #site_title","description":"Discover our services at the Medical Valley Center Forchheim.","keywords":null,"keyphrases":null,"primary_term":null,"canonical_url":null,"og_title":null,"og_description":null,"og_object_type":"default","og_image_type":"default","og_image_url":null,"og_image_width":null,"og_image_height":null,"og_image_custom_url":null,"og_image_custom_fields":null,"og_video":"","og_custom_url":null,"og_article_section":null,"og_article_tags":null,"twitter_use_og":false,"twitter_card":"default","twitter_image_type":"default","twitter_image_url":null,"twitter_image_custom_url":null,"twitter_image_custom_fields":null,"twitter_title":null,"twitter_description":null,"schema":{"blockGraphs":[],"customGraphs":[],"default":{"data":{"Article":[],"Course":[],"Dataset":[],"FAQPage":[],"Movie":[],"Person":[],"Product":[],"ProductReview":[],"Car":[],"Recipe":[],"Service":[],"SoftwareApplication":[],"WebPage":[]},"graphName":"","isEnabled":true},"graphs":[]},"schema_type":"default","schema_type_options":null,"pillar_content":false,"robots_default":true,"robots_noindex":false,"robots_noarchive":false,"robots_nosnippet":false,"robots_nofollow":false,"robots_noimageindex":false,"robots_noodp":false,"robots_notranslate":false,"robots_max_snippet":"-1","robots_max_videopreview":"-1","robots_max_imagepreview":"large","priority":null,"frequency":"default","local_seo":null,"seo_analyzer_scan_date":"2025-08-21 08:10:11","breadcrumb_settings":null,"limit_modified_date":false,"open_ai":"{\"title\":{\"suggestions\":[],\"usage\":0},\"description\":{\"suggestions\":[],\"usage\":0}}","ai":null,"created":"2023-09-01 12:39:18","updated":"2025-10-23 01:02:26"},"_links":{"self":[{"href":"https:\/\/medical-valley-forchheim.de\/en\/wp-json\/wp\/v2\/pages\/440","targetHints":{"allow":["GET"]}}],"collection":[{"href":"https:\/\/medical-valley-forchheim.de\/en\/wp-json\/wp\/v2\/pages"}],"about":[{"href":"https:\/\/medical-valley-forchheim.de\/en\/wp-json\/wp\/v2\/types\/page"}],"author":[{"embeddable":true,"href":"https:\/\/medical-valley-forchheim.de\/en\/wp-json\/wp\/v2\/users\/1"}],"replies":[{"embeddable":true,"href":"https:\/\/medical-valley-forchheim.de\/en\/wp-json\/wp\/v2\/comments?post=440"}],"version-history":[{"count":0,"href":"https:\/\/medical-valley-forchheim.de\/en\/wp-json\/wp\/v2\/pages\/440\/revisions"}],"wp:featuredmedia":[{"embeddable":true,"href":"https:\/\/medical-valley-forchheim.de\/en\/wp-json\/wp\/v2\/media\/858"}],"wp:attachment":[{"href":"https:\/\/medical-valley-forchheim.de\/en\/wp-json\/wp\/v2\/media?parent=440"}],"curies":[{"name":"wp","href":"https:\/\/api.w.org\/{rel}","templated":true}]}}