{"id":341,"date":"2023-08-19T22:10:57","date_gmt":"2023-08-19T20:10:57","guid":{"rendered":"https:\/\/dev.fomedia.io\/mvc\/?page_id=341"},"modified":"2024-01-08T16:57:58","modified_gmt":"2024-01-08T15:57:58","slug":"contact","status":"publish","type":"page","link":"https:\/\/medical-valley-forchheim.de\/en\/kontakt\/","title":{"rendered":"Contact"},"content":{"rendered":"<div data-elementor-type=\"wp-page\" data-elementor-id=\"341\" class=\"elementor elementor-341\" data-elementor-post-type=\"page\">\n\t\t\t\t<div class=\"elementor-element elementor-element-4c5c22d9 e-flex e-con-boxed e-con e-parent\" data-id=\"4c5c22d9\" data-element_type=\"container\" data-e-type=\"container\">\n\t\t\t\t\t<div class=\"e-con-inner\">\n\t\t<div class=\"elementor-element elementor-element-72cb3e19 e-con-full e-flex e-con e-child\" data-id=\"72cb3e19\" data-element_type=\"container\" data-e-type=\"container\">\n\t\t\t\t<div class=\"elementor-element elementor-element-6479c8a5 elementor-widget elementor-widget-text-editor\" data-id=\"6479c8a5\" data-element_type=\"widget\" data-e-type=\"widget\" data-widget_type=\"text-editor.default\">\n\t\t\t\t<div class=\"elementor-widget-container\">\n\t\t\t\t\t\t\t\t\t<h1>Contact<\/h1>\t\t\t\t\t\t\t\t<\/div>\n\t\t\t\t<\/div>\n\t\t\t\t<\/div>\n\t\t\t\t\t<\/div>\n\t\t\t\t<\/div>\n\t\t<div class=\"elementor-element elementor-element-32171c96 e-flex e-con-boxed e-con e-parent\" data-id=\"32171c96\" data-element_type=\"container\" data-e-type=\"container\">\n\t\t\t\t\t<div class=\"e-con-inner\">\n\t\t<div class=\"elementor-element elementor-element-2f24c421 e-flex e-con-boxed e-con e-child\" data-id=\"2f24c421\" data-element_type=\"container\" data-e-type=\"container\">\n\t\t\t\t\t<div class=\"e-con-inner\">\n\t\t\t\t<div class=\"elementor-element elementor-element-ddfa241 elementor-widget elementor-widget-text-editor\" data-id=\"ddfa241\" data-element_type=\"widget\" data-e-type=\"widget\" data-widget_type=\"text-editor.default\">\n\t\t\t\t<div class=\"elementor-widget-container\">\n\t\t\t\t\t\t\t\t\t<p>Medical Valley Forchheim GmbH<br \/>\u00c4u\u00dfere N\u00fcrnberger Str. 62<br \/>91301 Forchheim<\/p><p>Tel. 09191 950 40-10<br \/><a href=\"mailto:info@fo-mvc.de\">info@fo-mvc.de<\/a><\/p>\t\t\t\t\t\t\t\t<\/div>\n\t\t\t\t<\/div>\n\t\t\t\t\t<\/div>\n\t\t\t\t<\/div>\n\t\t\t\t\t<\/div>\n\t\t\t\t<\/div>\n\t\t<div class=\"elementor-element elementor-element-536a9dd4 e-flex e-con-boxed e-con e-parent\" data-id=\"536a9dd4\" data-element_type=\"container\" data-e-type=\"container\">\n\t\t\t\t\t<div class=\"e-con-inner\">\n\t\t<div class=\"elementor-element elementor-element-7b706f58 e-con-full e-flex e-con e-child\" data-id=\"7b706f58\" data-element_type=\"container\" data-e-type=\"container\">\n\t\t\t\t<div class=\"elementor-element elementor-element-72af614b elementor-widget elementor-widget-text-editor\" data-id=\"72af614b\" data-element_type=\"widget\" data-e-type=\"widget\" data-widget_type=\"text-editor.default\">\n\t\t\t\t<div class=\"elementor-widget-container\">\n\t\t\t\t\t\t\t\t\t<h2>Contact<\/h2>\t\t\t\t\t\t\t\t<\/div>\n\t\t\t\t<\/div>\n\t\t\t\t<\/div>\n\t\t\t\t\t<\/div>\n\t\t\t\t<\/div>\n\t\t<div class=\"elementor-element elementor-element-4b0a2539 e-flex e-con-boxed e-con e-parent\" data-id=\"4b0a2539\" data-element_type=\"container\" data-e-type=\"container\">\n\t\t\t\t\t<div class=\"e-con-inner\">\n\t\t<div class=\"elementor-element elementor-element-2ee6fe06 e-con-full e-flex e-con e-child\" data-id=\"2ee6fe06\" data-element_type=\"container\" data-e-type=\"container\">\n\t\t\t\t<div class=\"elementor-element elementor-element-f85d877 elementor-position-top elementor-widget elementor-widget-image-box\" data-id=\"f85d877\" data-element_type=\"widget\" data-e-type=\"widget\" data-widget_type=\"image-box.default\">\n\t\t\t\t<div class=\"elementor-widget-container\">\n\t\t\t\t\t<div class=\"elementor-image-box-wrapper\"><figure class=\"elementor-image-box-img\"><img fetchpriority=\"high\" decoding=\"async\" width=\"780\" height=\"780\" src=\"https:\/\/medical-valley-forchheim.de\/wp-content\/uploads\/2023\/09\/vn001.jpg\" class=\"attachment-full size-full wp-image-1202\" alt=\"\" srcset=\"https:\/\/medical-valley-forchheim.de\/wp-content\/uploads\/2023\/09\/vn001.jpg 780w, https:\/\/medical-valley-forchheim.de\/wp-content\/uploads\/2023\/09\/vn001-300x300.jpg 300w, https:\/\/medical-valley-forchheim.de\/wp-content\/uploads\/2023\/09\/vn001-150x150.jpg 150w, https:\/\/medical-valley-forchheim.de\/wp-content\/uploads\/2023\/09\/vn001-768x768.jpg 768w, https:\/\/medical-valley-forchheim.de\/wp-content\/uploads\/2023\/09\/vn001-12x12.jpg 12w\" sizes=\"(max-width: 780px) 100vw, 780px\" \/><\/figure><div class=\"elementor-image-box-content\"><h3 class=\"elementor-image-box-title\">Viktor Naumann<\/h3><p class=\"elementor-image-box-description\">Managing Director<\/p><\/div><\/div>\t\t\t\t<\/div>\n\t\t\t\t<\/div>\n\t\t\t\t<div class=\"elementor-element elementor-element-d38f0ad contact elementor-widget elementor-widget-text-editor\" data-id=\"d38f0ad\" data-element_type=\"widget\" data-e-type=\"widget\" data-widget_type=\"text-editor.default\">\n\t\t\t\t<div class=\"elementor-widget-container\">\n\t\t\t\t\t\t\t\t\t<p>Tel. <a href=\"tel:+4991919504010\">+49 9191 950 40-10<\/a><br \/><a href=\"mailto:orf@fo-mvc.de\">info@fo-mvc.de<\/a><\/p>\t\t\t\t\t\t\t\t<\/div>\n\t\t\t\t<\/div>\n\t\t\t\t<\/div>\n\t\t<div class=\"elementor-element elementor-element-1d66644b e-con-full e-flex e-con e-child\" data-id=\"1d66644b\" data-element_type=\"container\" data-e-type=\"container\">\n\t\t\t\t<div class=\"elementor-element elementor-element-3b4e777 elementor-position-top elementor-widget elementor-widget-image-box\" data-id=\"3b4e777\" data-element_type=\"widget\" data-e-type=\"widget\" data-widget_type=\"image-box.default\">\n\t\t\t\t<div class=\"elementor-widget-container\">\n\t\t\t\t\t<div class=\"elementor-image-box-wrapper\"><figure class=\"elementor-image-box-img\"><img decoding=\"async\" width=\"350\" height=\"350\" src=\"https:\/\/medical-valley-forchheim.de\/wp-content\/uploads\/2023\/08\/DSC_0776-scaled-e1649161181284.jpg\" class=\"attachment-full size-full wp-image-343\" alt=\"A picture of Ms Anna Werner, who works in the centre management of the Medical Valley Center Forchheim.\" srcset=\"https:\/\/medical-valley-forchheim.de\/wp-content\/uploads\/2023\/08\/DSC_0776-scaled-e1649161181284.jpg 350w, https:\/\/medical-valley-forchheim.de\/wp-content\/uploads\/2023\/08\/DSC_0776-scaled-e1649161181284-300x300.jpg 300w, https:\/\/medical-valley-forchheim.de\/wp-content\/uploads\/2023\/08\/DSC_0776-scaled-e1649161181284-150x150.jpg 150w\" sizes=\"(max-width: 350px) 100vw, 350px\" \/><\/figure><div class=\"elementor-image-box-content\"><h3 class=\"elementor-image-box-title\">Francesca Orf<\/h3><p class=\"elementor-image-box-description\">Centre management<\/p><\/div><\/div>\t\t\t\t<\/div>\n\t\t\t\t<\/div>\n\t\t\t\t<div class=\"elementor-element elementor-element-7daf5c7 contact elementor-widget elementor-widget-text-editor\" data-id=\"7daf5c7\" data-element_type=\"widget\" data-e-type=\"widget\" data-widget_type=\"text-editor.default\">\n\t\t\t\t<div class=\"elementor-widget-container\">\n\t\t\t\t\t\t\t\t\t<p>Tel. <a href=\"tel:+4991919504010\">+49 9191 950 40-10<\/a><br \/><a href=\"mailto:orf@fo-mvc.de\">orf@fo-mvc.de<\/a><\/p>\t\t\t\t\t\t\t\t<\/div>\n\t\t\t\t<\/div>\n\t\t\t\t<\/div>\n\t\t<div class=\"elementor-element elementor-element-28ed0bc4 e-con-full e-flex e-con e-child\" data-id=\"28ed0bc4\" data-element_type=\"container\" data-e-type=\"container\">\n\t\t\t\t<\/div>\n\t\t\t\t\t<\/div>\n\t\t\t\t<\/div>\n\t\t\t\t<\/div>","protected":false},"excerpt":{"rendered":"<p>Contact Medical Valley Forchheim GmbH\u00c4u\u00dfere N\u00fcrnberger Str. 6291301 Forchheim Tel. 09191 950 40-10info@fo-mvc.de Contact Viktor Naumann Managing Director Tel. +49 9191 950 40-10info@fo-mvc.de Francesca Orf Centre Management Tel. +49 9191 950 40-10orf@fo-mvc.de<\/p>","protected":false},"author":1,"featured_media":0,"parent":0,"menu_order":0,"comment_status":"closed","ping_status":"closed","template":"","meta":{"footnotes":""},"class_list":["post-341","page","type-page","status-publish","hentry"],"aioseo_notices":[],"aioseo_head":"\n\t\t<!-- All in One SEO Pro 4.9.5.2 - aioseo.com -->\n\t<meta name=\"description\" content=\"Erfahren Sie, wie Sie das Medical Valley Center Forchheim erreichen k\u00f6nnen und informieren Sie sich \u00fcber unsere Ansprechpartner.\" \/>\n\t<meta name=\"robots\" content=\"max-image-preview:large\" \/>\n\t<link rel=\"canonical\" href=\"https:\/\/medical-valley-forchheim.de\/en\/kontakt\/\" \/>\n\t<meta name=\"generator\" content=\"All in One SEO Pro (AIOSEO) 4.9.5.2\" \/>\n\t\t<meta property=\"og:locale\" content=\"en_GB\" \/>\n\t\t<meta property=\"og:site_name\" content=\"Medical Valley Forchheim GmbH -\" \/>\n\t\t<meta property=\"og:type\" content=\"article\" \/>\n\t\t<meta property=\"og:title\" content=\"Kontaktinformationen - Medical Valley Forchheim GmbH\" \/>\n\t\t<meta property=\"og:description\" content=\"Erfahren Sie, wie Sie das Medical Valley Center Forchheim erreichen k\u00f6nnen und informieren Sie sich \u00fcber unsere Ansprechpartner.\" \/>\n\t\t<meta property=\"og:url\" content=\"https:\/\/medical-valley-forchheim.de\/en\/kontakt\/\" \/>\n\t\t<meta property=\"og:image\" content=\"https:\/\/medical-valley-forchheim.de\/wp-content\/uploads\/2023\/09\/vn001.jpg\" \/>\n\t\t<meta property=\"og:image:secure_url\" content=\"https:\/\/medical-valley-forchheim.de\/wp-content\/uploads\/2023\/09\/vn001.jpg\" \/>\n\t\t<meta property=\"og:image:width\" content=\"780\" \/>\n\t\t<meta property=\"og:image:height\" content=\"780\" \/>\n\t\t<meta property=\"article:published_time\" content=\"2023-08-19T20:10:57+00:00\" \/>\n\t\t<meta property=\"article:modified_time\" content=\"2024-01-08T15:57:58+00:00\" \/>\n\t\t<meta name=\"twitter:card\" content=\"summary_large_image\" \/>\n\t\t<meta name=\"twitter:title\" content=\"Kontaktinformationen - Medical Valley Forchheim GmbH\" \/>\n\t\t<meta name=\"twitter:description\" content=\"Erfahren Sie, wie Sie das Medical Valley Center Forchheim erreichen k\u00f6nnen und informieren Sie sich \u00fcber unsere Ansprechpartner.\" \/>\n\t\t<meta name=\"twitter:image\" content=\"https:\/\/medical-valley-forchheim.de\/wp-content\/uploads\/2023\/09\/vn001.jpg\" \/>\n\t\t<script type=\"application\/ld+json\" class=\"aioseo-schema\">\n\t\t\t{\"@context\":\"https:\\\/\\\/schema.org\",\"@graph\":[{\"@type\":\"BreadcrumbList\",\"@id\":\"https:\\\/\\\/medical-valley-forchheim.de\\\/en\\\/kontakt\\\/#breadcrumblist\",\"itemListElement\":[{\"@type\":\"ListItem\",\"@id\":\"https:\\\/\\\/medical-valley-forchheim.de\\\/en#listItem\",\"position\":1,\"name\":\"Home\",\"item\":\"https:\\\/\\\/medical-valley-forchheim.de\\\/en\",\"nextItem\":{\"@type\":\"ListItem\",\"@id\":\"https:\\\/\\\/medical-valley-forchheim.de\\\/en\\\/kontakt\\\/#listItem\",\"name\":\"Kontakt\"}},{\"@type\":\"ListItem\",\"@id\":\"https:\\\/\\\/medical-valley-forchheim.de\\\/en\\\/kontakt\\\/#listItem\",\"position\":2,\"name\":\"Kontakt\",\"previousItem\":{\"@type\":\"ListItem\",\"@id\":\"https:\\\/\\\/medical-valley-forchheim.de\\\/en#listItem\",\"name\":\"Home\"}}]},{\"@type\":\"Organization\",\"@id\":\"https:\\\/\\\/medical-valley-forchheim.de\\\/en\\\/#organization\",\"name\":\"Medical Valley Center Forchheim\",\"url\":\"https:\\\/\\\/medical-valley-forchheim.de\\\/en\\\/\",\"telephone\":\"+4991919504010\",\"logo\":{\"@type\":\"ImageObject\",\"url\":\"https:\\\/\\\/medical-valley-forchheim.de\\\/wp-content\\\/uploads\\\/2023\\\/08\\\/medical-valley-logo.jpg\",\"@id\":\"https:\\\/\\\/medical-valley-forchheim.de\\\/en\\\/kontakt\\\/#organizationLogo\"},\"image\":{\"@id\":\"https:\\\/\\\/medical-valley-forchheim.de\\\/en\\\/kontakt\\\/#organizationLogo\"}},{\"@type\":\"WebPage\",\"@id\":\"https:\\\/\\\/medical-valley-forchheim.de\\\/en\\\/kontakt\\\/#webpage\",\"url\":\"https:\\\/\\\/medical-valley-forchheim.de\\\/en\\\/kontakt\\\/\",\"name\":\"Kontaktinformationen - Medical Valley Forchheim GmbH\",\"description\":\"Erfahren Sie, wie Sie das Medical Valley Center Forchheim erreichen k\\u00f6nnen und informieren Sie sich \\u00fcber unsere Ansprechpartner.\",\"inLanguage\":\"en-GB\",\"isPartOf\":{\"@id\":\"https:\\\/\\\/medical-valley-forchheim.de\\\/en\\\/#website\"},\"breadcrumb\":{\"@id\":\"https:\\\/\\\/medical-valley-forchheim.de\\\/en\\\/kontakt\\\/#breadcrumblist\"},\"datePublished\":\"2023-08-19T22:10:57+02:00\",\"dateModified\":\"2024-01-08T16:57:58+01:00\"},{\"@type\":\"WebSite\",\"@id\":\"https:\\\/\\\/medical-valley-forchheim.de\\\/en\\\/#website\",\"url\":\"https:\\\/\\\/medical-valley-forchheim.de\\\/en\\\/\",\"name\":\"Medical Valley Center Forchheim\",\"inLanguage\":\"en-GB\",\"publisher\":{\"@id\":\"https:\\\/\\\/medical-valley-forchheim.de\\\/en\\\/#organization\"}}]}\n\t\t<\/script>\n\t\t<!-- All in One SEO Pro -->\r\n\t\t<title>Kontaktinformationen - Medical Valley Forchheim GmbH<\/title>\n\n","aioseo_head_json":{"title":"Contact information - Medical Valley Forchheim GmbH","description":"Find out how you can reach the Medical Valley Center Forchheim and get information about our contact persons.","canonical_url":"https:\/\/medical-valley-forchheim.de\/en\/kontakt\/","robots":"max-image-preview:large","keywords":"","webmasterTools":{"miscellaneous":""},"schema":{"@context":"https:\/\/schema.org","@graph":[{"@type":"BreadcrumbList","@id":"https:\/\/medical-valley-forchheim.de\/en\/kontakt\/#breadcrumblist","itemListElement":[{"@type":"ListItem","@id":"https:\/\/medical-valley-forchheim.de\/en#listItem","position":1,"name":"Home","item":"https:\/\/medical-valley-forchheim.de\/en","nextItem":{"@type":"ListItem","@id":"https:\/\/medical-valley-forchheim.de\/en\/kontakt\/#listItem","name":"Kontakt"}},{"@type":"ListItem","@id":"https:\/\/medical-valley-forchheim.de\/en\/kontakt\/#listItem","position":2,"name":"Kontakt","previousItem":{"@type":"ListItem","@id":"https:\/\/medical-valley-forchheim.de\/en#listItem","name":"Home"}}]},{"@type":"Organization","@id":"https:\/\/medical-valley-forchheim.de\/en\/#organization","name":"Medical Valley Center Forchheim","url":"https:\/\/medical-valley-forchheim.de\/en\/","telephone":"+4991919504010","logo":{"@type":"ImageObject","url":"https:\/\/medical-valley-forchheim.de\/wp-content\/uploads\/2023\/08\/medical-valley-logo.jpg","@id":"https:\/\/medical-valley-forchheim.de\/en\/kontakt\/#organizationLogo"},"image":{"@id":"https:\/\/medical-valley-forchheim.de\/en\/kontakt\/#organizationLogo"}},{"@type":"WebPage","@id":"https:\/\/medical-valley-forchheim.de\/en\/kontakt\/#webpage","url":"https:\/\/medical-valley-forchheim.de\/en\/kontakt\/","name":"Kontaktinformationen - Medical Valley Forchheim GmbH","description":"Erfahren Sie, wie Sie das Medical Valley Center Forchheim erreichen k\u00f6nnen und informieren Sie sich \u00fcber unsere Ansprechpartner.","inLanguage":"en-GB","isPartOf":{"@id":"https:\/\/medical-valley-forchheim.de\/en\/#website"},"breadcrumb":{"@id":"https:\/\/medical-valley-forchheim.de\/en\/kontakt\/#breadcrumblist"},"datePublished":"2023-08-19T22:10:57+02:00","dateModified":"2024-01-08T16:57:58+01:00"},{"@type":"WebSite","@id":"https:\/\/medical-valley-forchheim.de\/en\/#website","url":"https:\/\/medical-valley-forchheim.de\/en\/","name":"Medical Valley Center Forchheim","inLanguage":"en-GB","publisher":{"@id":"https:\/\/medical-valley-forchheim.de\/en\/#organization"}}]},"og:locale":"en_GB","og:site_name":"Medical Valley Forchheim GmbH -","og:type":"article","og:title":"Kontaktinformationen - Medical Valley Forchheim GmbH","og:description":"Erfahren Sie, wie Sie das Medical Valley Center Forchheim erreichen k\u00f6nnen und informieren Sie sich \u00fcber unsere Ansprechpartner.","og:url":"https:\/\/medical-valley-forchheim.de\/en\/kontakt\/","og:image":"https:\/\/medical-valley-forchheim.de\/wp-content\/uploads\/2023\/09\/vn001.jpg","og:image:secure_url":"https:\/\/medical-valley-forchheim.de\/wp-content\/uploads\/2023\/09\/vn001.jpg","og:image:width":780,"og:image:height":780,"article:published_time":"2023-08-19T20:10:57+00:00","article:modified_time":"2024-01-08T15:57:58+00:00","twitter:card":"summary_large_image","twitter:title":"Kontaktinformationen - Medical Valley Forchheim GmbH","twitter:description":"Erfahren Sie, wie Sie das Medical Valley Center Forchheim erreichen k\u00f6nnen und informieren Sie sich \u00fcber unsere Ansprechpartner.","twitter:image":"https:\/\/medical-valley-forchheim.de\/wp-content\/uploads\/2023\/09\/vn001.jpg"},"aioseo_meta_data":{"post_id":"341","title":"Contact information #separator_sa #site_title","description":"Find out how you can reach the Medical Valley Center Forchheim and get information about our contact persons.","keywords":null,"keyphrases":null,"primary_term":null,"canonical_url":null,"og_title":null,"og_description":null,"og_object_type":"default","og_image_type":"default","og_image_url":null,"og_image_width":null,"og_image_height":null,"og_image_custom_url":null,"og_image_custom_fields":null,"og_video":"","og_custom_url":null,"og_article_section":null,"og_article_tags":null,"twitter_use_og":false,"twitter_card":"default","twitter_image_type":"default","twitter_image_url":null,"twitter_image_custom_url":null,"twitter_image_custom_fields":null,"twitter_title":null,"twitter_description":null,"schema":{"blockGraphs":[],"customGraphs":[],"default":{"data":{"Article":[],"Course":[],"Dataset":[],"FAQPage":[],"Movie":[],"Person":[],"Product":[],"ProductReview":[],"Car":[],"Recipe":[],"Service":[],"SoftwareApplication":[],"WebPage":[]},"graphName":"","isEnabled":true},"graphs":[]},"schema_type":"default","schema_type_options":null,"pillar_content":false,"robots_default":true,"robots_noindex":false,"robots_noarchive":false,"robots_nosnippet":false,"robots_nofollow":false,"robots_noimageindex":false,"robots_noodp":false,"robots_notranslate":false,"robots_max_snippet":"-1","robots_max_videopreview":"-1","robots_max_imagepreview":"large","priority":null,"frequency":"default","local_seo":null,"seo_analyzer_scan_date":"2025-08-21 08:10:11","breadcrumb_settings":null,"limit_modified_date":false,"open_ai":"{\"title\":{\"suggestions\":[],\"usage\":0},\"description\":{\"suggestions\":[],\"usage\":0}}","ai":null,"created":"2023-09-01 12:39:18","updated":"2025-10-23 01:02:26"},"_links":{"self":[{"href":"https:\/\/medical-valley-forchheim.de\/en\/wp-json\/wp\/v2\/pages\/341","targetHints":{"allow":["GET"]}}],"collection":[{"href":"https:\/\/medical-valley-forchheim.de\/en\/wp-json\/wp\/v2\/pages"}],"about":[{"href":"https:\/\/medical-valley-forchheim.de\/en\/wp-json\/wp\/v2\/types\/page"}],"author":[{"embeddable":true,"href":"https:\/\/medical-valley-forchheim.de\/en\/wp-json\/wp\/v2\/users\/1"}],"replies":[{"embeddable":true,"href":"https:\/\/medical-valley-forchheim.de\/en\/wp-json\/wp\/v2\/comments?post=341"}],"version-history":[{"count":0,"href":"https:\/\/medical-valley-forchheim.de\/en\/wp-json\/wp\/v2\/pages\/341\/revisions"}],"wp:attachment":[{"href":"https:\/\/medical-valley-forchheim.de\/en\/wp-json\/wp\/v2\/media?parent=341"}],"curies":[{"name":"wp","href":"https:\/\/api.w.org\/{rel}","templated":true}]}}