{"id":290,"date":"2023-08-19T15:40:00","date_gmt":"2023-08-19T13:40:00","guid":{"rendered":"https:\/\/dev.fomedia.io\/mvc\/?page_id=290"},"modified":"2023-09-07T15:25:06","modified_gmt":"2023-09-07T13:25:06","slug":"business-location-forchheim","status":"publish","type":"page","link":"https:\/\/medical-valley-forchheim.de\/en\/ueber-uns\/wirtschaftsstandort-forchheim\/","title":{"rendered":"Business location Forchheim"},"content":{"rendered":"<div data-elementor-type=\"wp-page\" data-elementor-id=\"290\" class=\"elementor elementor-290\" data-elementor-post-type=\"page\">\n\t\t\t\t<div class=\"elementor-element elementor-element-64be39c6 e-flex e-con-boxed e-con e-parent\" data-id=\"64be39c6\" data-element_type=\"container\" data-e-type=\"container\">\n\t\t\t\t\t<div class=\"e-con-inner\">\n\t\t<div class=\"elementor-element elementor-element-78478b28 e-con-full e-flex e-con e-parent\" data-id=\"78478b28\" data-element_type=\"container\" data-e-type=\"container\">\n\t\t\t\t<div class=\"elementor-element elementor-element-457edf8b elementor-widget elementor-widget-text-editor\" data-id=\"457edf8b\" data-element_type=\"widget\" data-e-type=\"widget\" data-widget_type=\"text-editor.default\">\n\t\t\t\t<div class=\"elementor-widget-container\">\n\t\t\t\t\t\t\t\t\t<h1>The business location Forchheim<\/h1>\n<h3>The Medical Valley Center Forchheim offers high-growth companies in the medical technology and healthcare industry attractive office space in one of the economically strongest and scientifically most active medical technology clusters worldwide - the Medical Valley European Metropolitan Region Nuremberg (EMN).<\/h3>\t\t\t\t\t\t\t\t<\/div>\n\t\t\t\t<\/div>\n\t\t\t\t<\/div>\n\t\t\t\t\t<\/div>\n\t\t\t\t<\/div>\n\t\t<div class=\"elementor-element elementor-element-3fa56513 section-light e-flex e-con-boxed e-con e-parent\" data-id=\"3fa56513\" data-element_type=\"container\" data-e-type=\"container\">\n\t\t\t\t\t<div class=\"e-con-inner\">\n\t\t<div class=\"elementor-element elementor-element-30e2dc43 col-small e-flex e-con-boxed e-con e-parent\" data-id=\"30e2dc43\" data-element_type=\"container\" data-e-type=\"container\">\n\t\t\t\t\t<div class=\"e-con-inner\">\n\t\t\t\t<div class=\"elementor-element elementor-element-9b90e9f elementor-widget elementor-widget-testimonial\" data-id=\"9b90e9f\" data-element_type=\"widget\" data-e-type=\"widget\" data-widget_type=\"testimonial.default\">\n\t\t\t\t<div class=\"elementor-widget-container\">\n\t\t\t\t\t\t\t<div class=\"elementor-testimonial-wrapper\">\n\t\t\t\t\t\t\t<div class=\"elementor-testimonial-content\">\"The Medical Valley Center Forchheim is a pearl of urban development and at the same time the Forchheim region is developing into the high-tech region of Bavarian medical technology. The new Medical Valley Center is an essential part of this positive development. The aim of the centre is to provide optimal further development opportunities, especially for small and medium-sized enterprises, so that new services and products can be created in the regional value chain of medical technology.\"<\/div>\n\t\t\t\n\t\t\t\t\t\t<div class=\"elementor-testimonial-meta elementor-has-image elementor-testimonial-image-position-top\">\n\t\t\t\t<div class=\"elementor-testimonial-meta-inner\">\n\t\t\t\t\t\t\t\t\t\t\t<div class=\"elementor-testimonial-image\">\n\t\t\t\t\t\t\t<img fetchpriority=\"high\" decoding=\"async\" width=\"780\" height=\"780\" src=\"https:\/\/medical-valley-forchheim.de\/wp-content\/uploads\/2023\/09\/vn001.jpg\" class=\"attachment-full size-full wp-image-1202\" alt=\"\" srcset=\"https:\/\/medical-valley-forchheim.de\/wp-content\/uploads\/2023\/09\/vn001.jpg 780w, https:\/\/medical-valley-forchheim.de\/wp-content\/uploads\/2023\/09\/vn001-300x300.jpg 300w, https:\/\/medical-valley-forchheim.de\/wp-content\/uploads\/2023\/09\/vn001-150x150.jpg 150w, https:\/\/medical-valley-forchheim.de\/wp-content\/uploads\/2023\/09\/vn001-768x768.jpg 768w, https:\/\/medical-valley-forchheim.de\/wp-content\/uploads\/2023\/09\/vn001-12x12.jpg 12w\" sizes=\"(max-width: 780px) 100vw, 780px\" \/>\t\t\t\t\t\t<\/div>\n\t\t\t\t\t\n\t\t\t\t\t\t\t\t\t\t<div class=\"elementor-testimonial-details\">\n\t\t\t\t\t\t\t\t\t\t\t\t\t\t<div class=\"elementor-testimonial-name\">Viktor Naumann<\/div>\n\t\t\t\t\t\t\t\t\t\t\t\t\t\t\t\t\t\t\t\t\t\t<div class=\"elementor-testimonial-job\">Managing Director of Medical Valley Forchheim GmbH<\/div>\n\t\t\t\t\t\t\t\t\t\t\t\t\t<\/div>\n\t\t\t\t\t\t\t\t\t<\/div>\n\t\t\t<\/div>\n\t\t\t\t\t<\/div>\n\t\t\t\t\t\t<\/div>\n\t\t\t\t<\/div>\n\t\t\t\t\t<\/div>\n\t\t\t\t<\/div>\n\t\t\t\t\t<\/div>\n\t\t\t\t<\/div>\n\t\t<div class=\"elementor-element elementor-element-1666acce e-flex e-con-boxed e-con e-parent\" data-id=\"1666acce\" data-element_type=\"container\" data-e-type=\"container\">\n\t\t\t\t\t<div class=\"e-con-inner\">\n\t\t<div class=\"elementor-element elementor-element-21f43e23 e-con-full e-flex e-con e-parent\" data-id=\"21f43e23\" data-element_type=\"container\" data-e-type=\"container\">\n\t\t\t\t<div class=\"elementor-element elementor-element-64f21cc2 elementor-widget elementor-widget-text-editor\" data-id=\"64f21cc2\" data-element_type=\"widget\" data-e-type=\"widget\" data-widget_type=\"text-editor.default\">\n\t\t\t\t<div class=\"elementor-widget-container\">\n\t\t\t\t\t\t\t\t\t<h2>Medical technology metropolis: Forchheim in the focus of the industry<\/h2><p>The medical technology sector is the most important production branch in the city of Forchheim.<\/p><p>With around 3,900 employees in the medical technology sector, Forchheim is at the top of the employment-intensive urban and rural districts in Bavaria. Measured in terms of jobs (absolute and relative), the business location of Forchheim is thus the largest and most important production location in the medical technology sector in Bavaria and thus has a unique economic position in Bavarian medical technology production.<\/p><p>In Forchheim, Siemens Healthineers AG manufactures computer tomographs and state-of-the-art angiography systems. In addition, the Healthcare IT division of Siemens Healthineers AG has been successively expanded in Forchheim in recent years.<\/p>\t\t\t\t\t\t\t\t<\/div>\n\t\t\t\t<\/div>\n\t\t\t\t<\/div>\n\t\t<div class=\"elementor-element elementor-element-5cd33425 e-con-full e-flex e-con e-parent\" data-id=\"5cd33425\" data-element_type=\"container\" data-e-type=\"container\">\n\t\t\t\t<div class=\"elementor-element elementor-element-7660735 elementor-widget elementor-widget-image\" data-id=\"7660735\" data-element_type=\"widget\" data-e-type=\"widget\" data-widget_type=\"image.default\">\n\t\t\t\t<div class=\"elementor-widget-container\">\n\t\t\t\t\t\t\t\t\t\t\t\t\t\t\t<img decoding=\"async\" width=\"720\" height=\"960\" src=\"https:\/\/medical-valley-forchheim.de\/wp-content\/uploads\/2023\/08\/mvc-forchheim-004_720x960_80.jpg\" class=\"attachment-large size-large wp-image-859\" alt=\"The Medical Valley Forchheim sign is clearly visible, in red with white lettering at the top. The lower part of the sign is grey, and the name &quot;HiroSakao&quot; can be seen next to it, accompanied by a sign indicating the entrance to the car park.\" srcset=\"https:\/\/medical-valley-forchheim.de\/wp-content\/uploads\/2023\/08\/mvc-forchheim-004_720x960_80.jpg 720w, https:\/\/medical-valley-forchheim.de\/wp-content\/uploads\/2023\/08\/mvc-forchheim-004_720x960_80-225x300.jpg 225w, https:\/\/medical-valley-forchheim.de\/wp-content\/uploads\/2023\/08\/mvc-forchheim-004_720x960_80-9x12.jpg 9w\" sizes=\"(max-width: 720px) 100vw, 720px\" \/>\t\t\t\t\t\t\t\t\t\t\t\t\t\t\t<\/div>\n\t\t\t\t<\/div>\n\t\t\t\t<\/div>\n\t\t\t\t\t<\/div>\n\t\t\t\t<\/div>\n\t\t<div class=\"elementor-element elementor-element-1d8ea11e e-flex e-con-boxed e-con e-parent\" data-id=\"1d8ea11e\" data-element_type=\"container\" data-e-type=\"container\">\n\t\t\t\t\t<div class=\"e-con-inner\">\n\t\t<div class=\"elementor-element elementor-element-1fad7cf2 e-con-full e-flex e-con e-parent\" data-id=\"1fad7cf2\" data-element_type=\"container\" data-e-type=\"container\">\n\t\t\t\t<div class=\"elementor-element elementor-element-255bdab elementor-widget elementor-widget-image\" data-id=\"255bdab\" data-element_type=\"widget\" data-e-type=\"widget\" data-widget_type=\"image.default\">\n\t\t\t\t<div class=\"elementor-widget-container\">\n\t\t\t\t\t\t\t\t\t\t\t\t\t\t\t<img decoding=\"async\" width=\"720\" height=\"960\" src=\"https:\/\/medical-valley-forchheim.de\/wp-content\/uploads\/2023\/08\/mvc-forchheim-003_720x960_80.jpg\" class=\"attachment-large size-large wp-image-857\" alt=\"In the garden of the MVC, a classic bench and a white seat in the shape of an &quot;I&quot; can be seen. A small tree and some bushes are in the background, while red lamps that look like poppies illuminate the picture.\" srcset=\"https:\/\/medical-valley-forchheim.de\/wp-content\/uploads\/2023\/08\/mvc-forchheim-003_720x960_80.jpg 720w, https:\/\/medical-valley-forchheim.de\/wp-content\/uploads\/2023\/08\/mvc-forchheim-003_720x960_80-225x300.jpg 225w, https:\/\/medical-valley-forchheim.de\/wp-content\/uploads\/2023\/08\/mvc-forchheim-003_720x960_80-9x12.jpg 9w\" sizes=\"(max-width: 720px) 100vw, 720px\" \/>\t\t\t\t\t\t\t\t\t\t\t\t\t\t\t<\/div>\n\t\t\t\t<\/div>\n\t\t\t\t<\/div>\n\t\t<div class=\"elementor-element elementor-element-48f0950f e-con-full e-flex e-con e-parent\" data-id=\"48f0950f\" data-element_type=\"container\" data-e-type=\"container\">\n\t\t\t\t<div class=\"elementor-element elementor-element-6fcb0357 elementor-widget elementor-widget-text-editor\" data-id=\"6fcb0357\" data-element_type=\"widget\" data-e-type=\"widget\" data-widget_type=\"text-editor.default\">\n\t\t\t\t<div class=\"elementor-widget-container\">\n\t\t\t\t\t\t\t\t\t<h2>The medical technology network: Forchheim as a hub for innovation<\/h2><p>Over the years, highly specialised suppliers and service providers have also settled in Forchheim, such as the logistics companies Simon Hegele Gesellschaft f\u00fcr Logistik und Service mbH and Hans Geis GmbH + Co KG. Other potential partners in medical technology are the companies Assdev GmbH, Enertex Bayern GmbH, Gebr. Waasner Elektrotechnische Fabrik GmbH, Heinrich Ziegler GmbH, Loparex Germany GmbH &amp; Co. KG, Popp GmbH &amp; Co. KG and Solnovis GmbH.<\/p><p>The Medical Valley Center Forchheim is located right in front of the Siemens Healthineers factory sector and within walking distance of all relevant suppliers and service providers.<\/p><p>Cooperation with the Fraunhofer Institute for Ceramic Technologies and Systems and with the nearby hospital ensures market-oriented development in the early phases of the innovation process. It is therefore a perfect hub for national and international companies that want to cooperate with Siemens Healthineers.<\/p>\t\t\t\t\t\t\t\t<\/div>\n\t\t\t\t<\/div>\n\t\t\t\t<\/div>\n\t\t\t\t\t<\/div>\n\t\t\t\t<\/div>\n\t\t\t\t<\/div>","protected":false},"excerpt":{"rendered":"<p>Der Wirtschafts&shy;standort Forchheim Das Medical Valley Center Forchheim bietet wachstumsstarken Unternehmen im Bereich Medizintechnik und Gesundheitswirtschaft attraktive B\u00fcrofl\u00e4chen in einem der wirtschaftlich st\u00e4rksten und wissenschaftlich aktivsten Medizintechnik-Cluster weltweit \u2013 dem Medical Valley Europ\u00e4ische Metropolregion N\u00fcrnberg (EMN). \u00bbDas Medical Valley Center Forchheim ist eine Perle der Stadtentwicklung und gleichzeitig entwickelt sich die Region Forchheim zur Hightech-Region [&hellip;]<\/p>\n","protected":false},"author":1,"featured_media":291,"parent":578,"menu_order":0,"comment_status":"closed","ping_status":"closed","template":"","meta":{"footnotes":""},"class_list":["post-290","page","type-page","status-publish","has-post-thumbnail","hentry"],"aioseo_notices":[],"aioseo_head":"\n\t\t<!-- All in One SEO Pro 4.9.5.2 - aioseo.com -->\n\t<meta name=\"description\" content=\"Forchheim, Bayerns Top-Standort f\u00fcr Medizintechnik. Innovatives Netzwerk, starke Partnerschaften und Zentrum f\u00fcr weltweite Medizintechnologie.\" \/>\n\t<meta name=\"robots\" content=\"max-image-preview:large\" \/>\n\t<link rel=\"canonical\" href=\"https:\/\/medical-valley-forchheim.de\/en\/ueber-uns\/wirtschaftsstandort-forchheim\/\" \/>\n\t<meta name=\"generator\" content=\"All in One SEO Pro (AIOSEO) 4.9.5.2\" \/>\n\t\t<meta property=\"og:locale\" content=\"en_GB\" \/>\n\t\t<meta property=\"og:site_name\" content=\"Medical Valley Forchheim GmbH -\" \/>\n\t\t<meta property=\"og:type\" content=\"article\" \/>\n\t\t<meta property=\"og:title\" content=\"Forchheim: MedTech-Zentrum - Medical Valley Forchheim GmbH\" \/>\n\t\t<meta property=\"og:description\" content=\"Forchheim, Bayerns Top-Standort f\u00fcr Medizintechnik. Innovatives Netzwerk, starke Partnerschaften und Zentrum f\u00fcr weltweite Medizintechnologie.\" \/>\n\t\t<meta property=\"og:url\" content=\"https:\/\/medical-valley-forchheim.de\/en\/ueber-uns\/wirtschaftsstandort-forchheim\/\" \/>\n\t\t<meta property=\"og:image\" content=\"https:\/\/medical-valley-forchheim.de\/wp-content\/uploads\/2023\/09\/vn001.jpg\" \/>\n\t\t<meta property=\"og:image:secure_url\" content=\"https:\/\/medical-valley-forchheim.de\/wp-content\/uploads\/2023\/09\/vn001.jpg\" \/>\n\t\t<meta property=\"og:image:width\" content=\"780\" \/>\n\t\t<meta property=\"og:image:height\" content=\"780\" \/>\n\t\t<meta property=\"article:published_time\" content=\"2023-08-19T13:40:00+00:00\" \/>\n\t\t<meta property=\"article:modified_time\" content=\"2023-09-07T13:25:06+00:00\" \/>\n\t\t<meta name=\"twitter:card\" content=\"summary_large_image\" \/>\n\t\t<meta name=\"twitter:title\" content=\"Forchheim: MedTech-Zentrum - Medical Valley Forchheim GmbH\" \/>\n\t\t<meta name=\"twitter:description\" content=\"Forchheim, Bayerns Top-Standort f\u00fcr Medizintechnik. Innovatives Netzwerk, starke Partnerschaften und Zentrum f\u00fcr weltweite Medizintechnologie.\" \/>\n\t\t<meta name=\"twitter:image\" content=\"https:\/\/medical-valley-forchheim.de\/wp-content\/uploads\/2023\/09\/vn001.jpg\" \/>\n\t\t<script type=\"application\/ld+json\" class=\"aioseo-schema\">\n\t\t\t{\"@context\":\"https:\\\/\\\/schema.org\",\"@graph\":[{\"@type\":\"BreadcrumbList\",\"@id\":\"https:\\\/\\\/medical-valley-forchheim.de\\\/en\\\/ueber-uns\\\/wirtschaftsstandort-forchheim\\\/#breadcrumblist\",\"itemListElement\":[{\"@type\":\"ListItem\",\"@id\":\"https:\\\/\\\/medical-valley-forchheim.de\\\/en#listItem\",\"position\":1,\"name\":\"Home\",\"item\":\"https:\\\/\\\/medical-valley-forchheim.de\\\/en\",\"nextItem\":{\"@type\":\"ListItem\",\"@id\":\"https:\\\/\\\/medical-valley-forchheim.de\\\/en\\\/ueber-uns\\\/#listItem\",\"name\":\"\\u00dcber uns\"}},{\"@type\":\"ListItem\",\"@id\":\"https:\\\/\\\/medical-valley-forchheim.de\\\/en\\\/ueber-uns\\\/#listItem\",\"position\":2,\"name\":\"\\u00dcber uns\",\"item\":\"https:\\\/\\\/medical-valley-forchheim.de\\\/en\\\/ueber-uns\\\/\",\"nextItem\":{\"@type\":\"ListItem\",\"@id\":\"https:\\\/\\\/medical-valley-forchheim.de\\\/en\\\/ueber-uns\\\/wirtschaftsstandort-forchheim\\\/#listItem\",\"name\":\"Wirtschaftsstandort Forchheim\"},\"previousItem\":{\"@type\":\"ListItem\",\"@id\":\"https:\\\/\\\/medical-valley-forchheim.de\\\/en#listItem\",\"name\":\"Home\"}},{\"@type\":\"ListItem\",\"@id\":\"https:\\\/\\\/medical-valley-forchheim.de\\\/en\\\/ueber-uns\\\/wirtschaftsstandort-forchheim\\\/#listItem\",\"position\":3,\"name\":\"Wirtschaftsstandort Forchheim\",\"previousItem\":{\"@type\":\"ListItem\",\"@id\":\"https:\\\/\\\/medical-valley-forchheim.de\\\/en\\\/ueber-uns\\\/#listItem\",\"name\":\"\\u00dcber uns\"}}]},{\"@type\":\"Organization\",\"@id\":\"https:\\\/\\\/medical-valley-forchheim.de\\\/en\\\/#organization\",\"name\":\"Medical Valley Center Forchheim\",\"url\":\"https:\\\/\\\/medical-valley-forchheim.de\\\/en\\\/\",\"telephone\":\"+4991919504010\",\"logo\":{\"@type\":\"ImageObject\",\"url\":\"https:\\\/\\\/medical-valley-forchheim.de\\\/wp-content\\\/uploads\\\/2023\\\/08\\\/medical-valley-logo.jpg\",\"@id\":\"https:\\\/\\\/medical-valley-forchheim.de\\\/en\\\/ueber-uns\\\/wirtschaftsstandort-forchheim\\\/#organizationLogo\"},\"image\":{\"@id\":\"https:\\\/\\\/medical-valley-forchheim.de\\\/en\\\/ueber-uns\\\/wirtschaftsstandort-forchheim\\\/#organizationLogo\"}},{\"@type\":\"WebPage\",\"@id\":\"https:\\\/\\\/medical-valley-forchheim.de\\\/en\\\/ueber-uns\\\/wirtschaftsstandort-forchheim\\\/#webpage\",\"url\":\"https:\\\/\\\/medical-valley-forchheim.de\\\/en\\\/ueber-uns\\\/wirtschaftsstandort-forchheim\\\/\",\"name\":\"Forchheim: MedTech-Zentrum - Medical Valley Forchheim GmbH\",\"description\":\"Forchheim, Bayerns Top-Standort f\\u00fcr Medizintechnik. Innovatives Netzwerk, starke Partnerschaften und Zentrum f\\u00fcr weltweite Medizintechnologie.\",\"inLanguage\":\"en-GB\",\"isPartOf\":{\"@id\":\"https:\\\/\\\/medical-valley-forchheim.de\\\/en\\\/#website\"},\"breadcrumb\":{\"@id\":\"https:\\\/\\\/medical-valley-forchheim.de\\\/en\\\/ueber-uns\\\/wirtschaftsstandort-forchheim\\\/#breadcrumblist\"},\"image\":{\"@type\":\"ImageObject\",\"url\":\"https:\\\/\\\/medical-valley-forchheim.de\\\/wp-content\\\/uploads\\\/2023\\\/08\\\/medical-valley-forchheim-industrie.jpg\",\"@id\":\"https:\\\/\\\/medical-valley-forchheim.de\\\/en\\\/ueber-uns\\\/wirtschaftsstandort-forchheim\\\/#mainImage\",\"width\":1680,\"height\":945,\"caption\":\"Ein Drohnenfoto vom Wirtschaftsstandort Forchheim.\"},\"primaryImageOfPage\":{\"@id\":\"https:\\\/\\\/medical-valley-forchheim.de\\\/en\\\/ueber-uns\\\/wirtschaftsstandort-forchheim\\\/#mainImage\"},\"datePublished\":\"2023-08-19T15:40:00+02:00\",\"dateModified\":\"2023-09-07T15:25:06+02:00\"},{\"@type\":\"WebSite\",\"@id\":\"https:\\\/\\\/medical-valley-forchheim.de\\\/en\\\/#website\",\"url\":\"https:\\\/\\\/medical-valley-forchheim.de\\\/en\\\/\",\"name\":\"Medical Valley Center Forchheim\",\"inLanguage\":\"en-GB\",\"publisher\":{\"@id\":\"https:\\\/\\\/medical-valley-forchheim.de\\\/en\\\/#organization\"}}]}\n\t\t<\/script>\n\t\t<!-- All in One SEO Pro -->\r\n\t\t<title>Forchheim: MedTech-Zentrum - Medical Valley Forchheim GmbH<\/title>\n\n","aioseo_head_json":{"title":"Forchheim: MedTech Centre - Medical Valley Forchheim GmbH","description":"Forchheim, Bavaria's top location for medical technology. Innovative network, strong partnerships and centre for global medical technology.","canonical_url":"https:\/\/medical-valley-forchheim.de\/en\/ueber-uns\/wirtschaftsstandort-forchheim\/","robots":"max-image-preview:large","keywords":"","webmasterTools":{"miscellaneous":""},"schema":{"@context":"https:\/\/schema.org","@graph":[{"@type":"BreadcrumbList","@id":"https:\/\/medical-valley-forchheim.de\/en\/ueber-uns\/wirtschaftsstandort-forchheim\/#breadcrumblist","itemListElement":[{"@type":"ListItem","@id":"https:\/\/medical-valley-forchheim.de\/en#listItem","position":1,"name":"Home","item":"https:\/\/medical-valley-forchheim.de\/en","nextItem":{"@type":"ListItem","@id":"https:\/\/medical-valley-forchheim.de\/en\/ueber-uns\/#listItem","name":"\u00dcber uns"}},{"@type":"ListItem","@id":"https:\/\/medical-valley-forchheim.de\/en\/ueber-uns\/#listItem","position":2,"name":"\u00dcber uns","item":"https:\/\/medical-valley-forchheim.de\/en\/ueber-uns\/","nextItem":{"@type":"ListItem","@id":"https:\/\/medical-valley-forchheim.de\/en\/ueber-uns\/wirtschaftsstandort-forchheim\/#listItem","name":"Wirtschaftsstandort Forchheim"},"previousItem":{"@type":"ListItem","@id":"https:\/\/medical-valley-forchheim.de\/en#listItem","name":"Home"}},{"@type":"ListItem","@id":"https:\/\/medical-valley-forchheim.de\/en\/ueber-uns\/wirtschaftsstandort-forchheim\/#listItem","position":3,"name":"Wirtschaftsstandort Forchheim","previousItem":{"@type":"ListItem","@id":"https:\/\/medical-valley-forchheim.de\/en\/ueber-uns\/#listItem","name":"\u00dcber uns"}}]},{"@type":"Organization","@id":"https:\/\/medical-valley-forchheim.de\/en\/#organization","name":"Medical Valley Center Forchheim","url":"https:\/\/medical-valley-forchheim.de\/en\/","telephone":"+4991919504010","logo":{"@type":"ImageObject","url":"https:\/\/medical-valley-forchheim.de\/wp-content\/uploads\/2023\/08\/medical-valley-logo.jpg","@id":"https:\/\/medical-valley-forchheim.de\/en\/ueber-uns\/wirtschaftsstandort-forchheim\/#organizationLogo"},"image":{"@id":"https:\/\/medical-valley-forchheim.de\/en\/ueber-uns\/wirtschaftsstandort-forchheim\/#organizationLogo"}},{"@type":"WebPage","@id":"https:\/\/medical-valley-forchheim.de\/en\/ueber-uns\/wirtschaftsstandort-forchheim\/#webpage","url":"https:\/\/medical-valley-forchheim.de\/en\/ueber-uns\/wirtschaftsstandort-forchheim\/","name":"Forchheim: MedTech-Zentrum - Medical Valley Forchheim GmbH","description":"Forchheim, Bayerns Top-Standort f\u00fcr Medizintechnik. Innovatives Netzwerk, starke Partnerschaften und Zentrum f\u00fcr weltweite Medizintechnologie.","inLanguage":"en-GB","isPartOf":{"@id":"https:\/\/medical-valley-forchheim.de\/en\/#website"},"breadcrumb":{"@id":"https:\/\/medical-valley-forchheim.de\/en\/ueber-uns\/wirtschaftsstandort-forchheim\/#breadcrumblist"},"image":{"@type":"ImageObject","url":"https:\/\/medical-valley-forchheim.de\/wp-content\/uploads\/2023\/08\/medical-valley-forchheim-industrie.jpg","@id":"https:\/\/medical-valley-forchheim.de\/en\/ueber-uns\/wirtschaftsstandort-forchheim\/#mainImage","width":1680,"height":945,"caption":"Ein Drohnenfoto vom Wirtschaftsstandort Forchheim."},"primaryImageOfPage":{"@id":"https:\/\/medical-valley-forchheim.de\/en\/ueber-uns\/wirtschaftsstandort-forchheim\/#mainImage"},"datePublished":"2023-08-19T15:40:00+02:00","dateModified":"2023-09-07T15:25:06+02:00"},{"@type":"WebSite","@id":"https:\/\/medical-valley-forchheim.de\/en\/#website","url":"https:\/\/medical-valley-forchheim.de\/en\/","name":"Medical Valley Center Forchheim","inLanguage":"en-GB","publisher":{"@id":"https:\/\/medical-valley-forchheim.de\/en\/#organization"}}]},"og:locale":"en_GB","og:site_name":"Medical Valley Forchheim GmbH -","og:type":"article","og:title":"Forchheim: MedTech-Zentrum - Medical Valley Forchheim GmbH","og:description":"Forchheim, Bayerns Top-Standort f\u00fcr Medizintechnik. Innovatives Netzwerk, starke Partnerschaften und Zentrum f\u00fcr weltweite Medizintechnologie.","og:url":"https:\/\/medical-valley-forchheim.de\/en\/ueber-uns\/wirtschaftsstandort-forchheim\/","og:image":"https:\/\/medical-valley-forchheim.de\/wp-content\/uploads\/2023\/09\/vn001.jpg","og:image:secure_url":"https:\/\/medical-valley-forchheim.de\/wp-content\/uploads\/2023\/09\/vn001.jpg","og:image:width":780,"og:image:height":780,"article:published_time":"2023-08-19T13:40:00+00:00","article:modified_time":"2023-09-07T13:25:06+00:00","twitter:card":"summary_large_image","twitter:title":"Forchheim: MedTech-Zentrum - Medical Valley Forchheim GmbH","twitter:description":"Forchheim, Bayerns Top-Standort f\u00fcr Medizintechnik. Innovatives Netzwerk, starke Partnerschaften und Zentrum f\u00fcr weltweite Medizintechnologie.","twitter:image":"https:\/\/medical-valley-forchheim.de\/wp-content\/uploads\/2023\/09\/vn001.jpg"},"aioseo_meta_data":{"post_id":"290","title":"Forchheim: MedTech Centre #separator_sa #site_title","description":"Forchheim, Bavaria's top location for medical technology. Innovative network, strong partnerships and centre for global medical technology.","keywords":null,"keyphrases":null,"primary_term":null,"canonical_url":null,"og_title":null,"og_description":null,"og_object_type":"default","og_image_type":"default","og_image_url":null,"og_image_width":null,"og_image_height":null,"og_image_custom_url":null,"og_image_custom_fields":null,"og_video":"","og_custom_url":null,"og_article_section":null,"og_article_tags":null,"twitter_use_og":false,"twitter_card":"default","twitter_image_type":"default","twitter_image_url":null,"twitter_image_custom_url":null,"twitter_image_custom_fields":null,"twitter_title":null,"twitter_description":null,"schema":{"blockGraphs":[],"customGraphs":[],"default":{"data":{"Article":[],"Course":[],"Dataset":[],"FAQPage":[],"Movie":[],"Person":[],"Product":[],"ProductReview":[],"Car":[],"Recipe":[],"Service":[],"SoftwareApplication":[],"WebPage":[]},"graphName":"","isEnabled":true},"graphs":[]},"schema_type":"default","schema_type_options":null,"pillar_content":false,"robots_default":true,"robots_noindex":false,"robots_noarchive":false,"robots_nosnippet":false,"robots_nofollow":false,"robots_noimageindex":false,"robots_noodp":false,"robots_notranslate":false,"robots_max_snippet":"-1","robots_max_videopreview":"-1","robots_max_imagepreview":"large","priority":null,"frequency":"default","local_seo":null,"seo_analyzer_scan_date":"2025-08-21 08:11:56","breadcrumb_settings":null,"limit_modified_date":false,"open_ai":"{\"title\":{\"suggestions\":[],\"usage\":0},\"description\":{\"suggestions\":[],\"usage\":0}}","ai":null,"created":"2023-09-01 12:39:18","updated":"2025-10-23 01:02:26"},"_links":{"self":[{"href":"https:\/\/medical-valley-forchheim.de\/en\/wp-json\/wp\/v2\/pages\/290","targetHints":{"allow":["GET"]}}],"collection":[{"href":"https:\/\/medical-valley-forchheim.de\/en\/wp-json\/wp\/v2\/pages"}],"about":[{"href":"https:\/\/medical-valley-forchheim.de\/en\/wp-json\/wp\/v2\/types\/page"}],"author":[{"embeddable":true,"href":"https:\/\/medical-valley-forchheim.de\/en\/wp-json\/wp\/v2\/users\/1"}],"replies":[{"embeddable":true,"href":"https:\/\/medical-valley-forchheim.de\/en\/wp-json\/wp\/v2\/comments?post=290"}],"version-history":[{"count":0,"href":"https:\/\/medical-valley-forchheim.de\/en\/wp-json\/wp\/v2\/pages\/290\/revisions"}],"up":[{"embeddable":true,"href":"https:\/\/medical-valley-forchheim.de\/en\/wp-json\/wp\/v2\/pages\/578"}],"wp:featuredmedia":[{"embeddable":true,"href":"https:\/\/medical-valley-forchheim.de\/en\/wp-json\/wp\/v2\/media\/291"}],"wp:attachment":[{"href":"https:\/\/medical-valley-forchheim.de\/en\/wp-json\/wp\/v2\/media?parent=290"}],"curies":[{"name":"wp","href":"https:\/\/api.w.org\/{rel}","templated":true}]}}