{"id":266,"date":"2023-08-19T15:20:48","date_gmt":"2023-08-19T13:20:48","guid":{"rendered":"https:\/\/dev.fomedia.io\/mvc\/?page_id=266"},"modified":"2023-08-25T12:41:42","modified_gmt":"2023-08-25T10:41:42","slug":"start-up-services","status":"publish","type":"page","link":"https:\/\/medical-valley-forchheim.de\/en\/services\/start-up-services\/","title":{"rendered":"Start-up services"},"content":{"rendered":"<div data-elementor-type=\"wp-page\" data-elementor-id=\"266\" class=\"elementor elementor-266\" data-elementor-post-type=\"page\">\n\t\t\t\t<div class=\"elementor-element elementor-element-246f04f9 e-flex e-con-boxed e-con e-parent\" data-id=\"246f04f9\" data-element_type=\"container\" data-e-type=\"container\">\n\t\t\t\t\t<div class=\"e-con-inner\">\n\t\t<div class=\"elementor-element elementor-element-1fa2726 e-con-full e-flex e-con e-parent\" data-id=\"1fa2726\" data-element_type=\"container\" data-e-type=\"container\">\n\t\t\t\t<div class=\"elementor-element elementor-element-69ffac22 elementor-widget elementor-widget-text-editor\" data-id=\"69ffac22\" data-element_type=\"widget\" data-e-type=\"widget\" data-widget_type=\"text-editor.default\">\n\t\t\t\t<div class=\"elementor-widget-container\">\n\t\t\t\t\t\t\t\t\t<h1>Start-up Services in Medical Valley Forchheim<\/h1>\t\t\t\t\t\t\t\t<\/div>\n\t\t\t\t<\/div>\n\t\t\t\t<\/div>\n\t\t\t\t\t<\/div>\n\t\t\t\t<\/div>\n\t\t<div class=\"elementor-element elementor-element-7877ac42 e-flex e-con-boxed e-con e-parent\" data-id=\"7877ac42\" data-element_type=\"container\" data-e-type=\"container\">\n\t\t\t\t\t<div class=\"e-con-inner\">\n\t\t<div class=\"elementor-element elementor-element-625bf57c e-con-full e-flex e-con e-parent\" data-id=\"625bf57c\" data-element_type=\"container\" data-e-type=\"container\">\n\t\t\t\t<div class=\"elementor-element elementor-element-2c06f549 elementor-widget elementor-widget-text-editor\" data-id=\"2c06f549\" data-element_type=\"widget\" data-e-type=\"widget\" data-widget_type=\"text-editor.default\">\n\t\t\t\t<div class=\"elementor-widget-container\">\n\t\t\t\t\t\t\t\t\t<p>We offer you services that are geared towards the medical technology innovation chain and help to make the \"time to market\" process more effective and efficient. The services are aimed at both Bavarian growth companies and international companies on their way to the European market.<\/p><p><strong>Do you need support for your young company? We will be happy to help you.<\/strong><\/p>\t\t\t\t\t\t\t\t<\/div>\n\t\t\t\t<\/div>\n\t\t\t\t<div class=\"elementor-element elementor-element-61ff115 elementor-widget elementor-widget-global elementor-global-676 elementor-widget-button\" data-id=\"61ff115\" data-element_type=\"widget\" data-e-type=\"widget\" data-widget_type=\"button.default\">\n\t\t\t\t<div class=\"elementor-widget-container\">\n\t\t\t\t\t\t\t\t\t<div class=\"elementor-button-wrapper\">\n\t\t\t\t\t<a class=\"elementor-button elementor-button-link elementor-size-sm\" href=\"https:\/\/medical-valley-forchheim.de\/en\/contact\/\">\n\t\t\t\t\t\t<span class=\"elementor-button-content-wrapper\">\n\t\t\t\t\t\t\t\t\t<span class=\"elementor-button-text\">Contact<\/span>\n\t\t\t\t\t<\/span>\n\t\t\t\t\t<\/a>\n\t\t\t\t<\/div>\n\t\t\t\t\t\t\t\t<\/div>\n\t\t\t\t<\/div>\n\t\t\t\t<\/div>\n\t\t<div class=\"elementor-element elementor-element-3571d9db e-con-full e-flex e-con e-parent\" data-id=\"3571d9db\" data-element_type=\"container\" data-e-type=\"container\">\n\t\t\t\t<div class=\"elementor-element elementor-element-311e5aea elementor-widget elementor-widget-text-editor\" data-id=\"311e5aea\" data-element_type=\"widget\" data-e-type=\"widget\" data-widget_type=\"text-editor.default\">\n\t\t\t\t<div class=\"elementor-widget-container\">\n\t\t\t\t\t\t\t\t\t<p><strong>Are you looking for capital to implement your ideas and projects?<\/strong><\/p><p>We help you approach business angels, investors and\/or public financiers.<br \/>Are you looking for strategic partners?<\/p><p>We find the right partner in science, business or healthcare to turn your ideas into viable (medical) products faster.<\/p>\t\t\t\t\t\t\t\t<\/div>\n\t\t\t\t<\/div>\n\t\t\t\t<\/div>\n\t\t\t\t\t<\/div>\n\t\t\t\t<\/div>\n\t\t<div class=\"elementor-element elementor-element-34773672 e-flex e-con-boxed e-con e-parent\" data-id=\"34773672\" data-element_type=\"container\" data-e-type=\"container\">\n\t\t\t\t\t<div class=\"e-con-inner\">\n\t\t<div class=\"elementor-element elementor-element-5f0b01e3 e-con-full e-flex e-con e-parent\" data-id=\"5f0b01e3\" data-element_type=\"container\" data-e-type=\"container\">\n\t\t\t\t<div class=\"elementor-element elementor-element-783086a7 elementor-widget elementor-widget-text-editor\" data-id=\"783086a7\" data-element_type=\"widget\" data-e-type=\"widget\" data-widget_type=\"text-editor.default\">\n\t\t\t\t<div class=\"elementor-widget-container\">\n\t\t\t\t\t\t\t\t\t<h2>Success stories in pictures<\/h2><p>Discover some of the inspiring start-ups that are flourishing in Medical Valley Forchheim thanks to our support.<\/p>\t\t\t\t\t\t\t\t<\/div>\n\t\t\t\t<\/div>\n\t\t\t\t<\/div>\n\t\t\t\t\t<\/div>\n\t\t\t\t<\/div>\n\t\t<div class=\"elementor-element elementor-element-61d184b9 e-flex e-con-boxed e-con e-parent\" data-id=\"61d184b9\" data-element_type=\"container\" data-e-type=\"container\">\n\t\t\t\t\t<div class=\"e-con-inner\">\n\t\t<div class=\"elementor-element elementor-element-1c8d26a0 e-flex e-con-boxed e-con e-parent\" data-id=\"1c8d26a0\" data-element_type=\"container\" data-e-type=\"container\">\n\t\t\t\t\t<div class=\"e-con-inner\">\n\t\t\t\t<div class=\"elementor-element elementor-element-5965b7a elementor-arrows-position-outside elementor-widget elementor-widget-image-carousel\" data-id=\"5965b7a\" data-element_type=\"widget\" data-e-type=\"widget\" data-settings=\"{&quot;slides_to_show&quot;:&quot;1&quot;,&quot;navigation&quot;:&quot;arrows&quot;,&quot;lazyload&quot;:&quot;yes&quot;,&quot;autoplay&quot;:&quot;yes&quot;,&quot;pause_on_hover&quot;:&quot;yes&quot;,&quot;pause_on_interaction&quot;:&quot;yes&quot;,&quot;autoplay_speed&quot;:5000,&quot;infinite&quot;:&quot;yes&quot;,&quot;effect&quot;:&quot;slide&quot;,&quot;speed&quot;:500}\" data-widget_type=\"image-carousel.default\">\n\t\t\t\t<div class=\"elementor-widget-container\">\n\t\t\t\t\t\t\t<div class=\"elementor-image-carousel-wrapper swiper\" role=\"region\" aria-roledescription=\"carousel\" aria-label=\"Image Carousel\" dir=\"ltr\">\n\t\t\t<div class=\"elementor-image-carousel swiper-wrapper swiper-image-stretch\" aria-live=\"off\">\n\t\t\t\t\t\t\t\t<div class=\"swiper-slide\" role=\"group\" aria-roledescription=\"slide\" aria-label=\"1 of 6\"><figure class=\"swiper-slide-inner\"><img class=\"swiper-slide-image swiper-lazy\" data-src=\"https:\/\/medical-valley-forchheim.de\/wp-content\/uploads\/2023\/08\/procarement-1.jpg\" alt=\"ProCarement at the presentation of your Pro Herz App.\" \/><div class=\"swiper-lazy-preloader\"><\/div><figcaption class=\"elementor-image-carousel-caption\">ProCarement at the presentation of your Pro Herz App.<\/figcaption><\/figure><\/div><div class=\"swiper-slide\" role=\"group\" aria-roledescription=\"slide\" aria-label=\"2 of 6\"><figure class=\"swiper-slide-inner\"><img class=\"swiper-slide-image swiper-lazy\" data-src=\"https:\/\/medical-valley-forchheim.de\/wp-content\/uploads\/2023\/08\/service-medical.valley.jpg\" alt=\"INAM - You can see a helium ion microscope from INAM for the preparation of nanostructure analyses and an X-ray tomograph for CT measurements, which is used in the material analysis of INAM.\" \/><div class=\"swiper-lazy-preloader\"><\/div><figcaption class=\"elementor-image-carousel-caption\">INAM - You can see a helium ion microscope from INAM for the preparation of nanostructure analyses and an X-ray tomograph for CT measurements, which is used in the material analysis of INAM.<\/figcaption><\/figure><\/div><div class=\"swiper-slide\" role=\"group\" aria-roledescription=\"slide\" aria-label=\"3 of 6\"><figure class=\"swiper-slide-inner\"><img class=\"swiper-slide-image swiper-lazy\" data-src=\"https:\/\/medical-valley-forchheim.de\/wp-content\/uploads\/2023\/08\/medical-valley-startup.jpg\" alt=\"INAM - You can see a helium ion microscope from INAM for the preparation of nanostructure analyses and an X-ray tomograph for CT measurements, which is used in the material analysis of INAM.\" \/><div class=\"swiper-lazy-preloader\"><\/div><figcaption class=\"elementor-image-carousel-caption\">INAM - You can see a helium ion microscope from INAM for the preparation of nanostructure analyses and an X-ray tomograph for CT measurements, which is used in the material analysis of INAM.<\/figcaption><\/figure><\/div><div class=\"swiper-slide\" role=\"group\" aria-roledescription=\"slide\" aria-label=\"4 of 6\"><figure class=\"swiper-slide-inner\"><img class=\"swiper-slide-image swiper-lazy\" data-src=\"https:\/\/medical-valley-forchheim.de\/wp-content\/uploads\/2023\/08\/inam-1.jpg\" alt=\"INAM - You can see a helium ion microscope from INAM for the preparation of nanostructure analyses and an X-ray tomograph for CT measurements, which is used in the material analysis of INAM.\" \/><div class=\"swiper-lazy-preloader\"><\/div><figcaption class=\"elementor-image-carousel-caption\">INAM - You can see a helium ion microscope from INAM for the preparation of nanostructure analyses and an X-ray tomograph for CT measurements, which is used in the material analysis of INAM.<\/figcaption><\/figure><\/div><div class=\"swiper-slide\" role=\"group\" aria-roledescription=\"slide\" aria-label=\"5 of 6\"><figure class=\"swiper-slide-inner\"><img class=\"swiper-slide-image swiper-lazy\" data-src=\"https:\/\/medical-valley-forchheim.de\/wp-content\/uploads\/2023\/08\/startup.jpg\" alt=\"A person who uses the product Lenire, a medical device for the treatment of tinnitus.\" \/><div class=\"swiper-lazy-preloader\"><\/div><figcaption class=\"elementor-image-carousel-caption\">Neuromod - Lenire is a medical device for the treatment of tinnitus.<\/figcaption><\/figure><\/div><div class=\"swiper-slide\" role=\"group\" aria-roledescription=\"slide\" aria-label=\"6 of 6\"><figure class=\"swiper-slide-inner\"><img class=\"swiper-slide-image swiper-lazy\" data-src=\"https:\/\/medical-valley-forchheim.de\/wp-content\/uploads\/2023\/08\/neuromod-medical-valley.jpg\" alt=\"Photo of Neuromod in front of a stand on Lenire a medical device for the treatment of tinnitus.\" \/><div class=\"swiper-lazy-preloader\"><\/div><figcaption class=\"elementor-image-carousel-caption\">Neuromod - Lenire is a medical device for the treatment of tinnitus.<\/figcaption><\/figure><\/div>\t\t\t<\/div>\n\t\t\t\t\t\t\t\t\t\t\t\t<div class=\"elementor-swiper-button elementor-swiper-button-prev\" role=\"button\" tabindex=\"0\">\n\t\t\t\t\t\t<i aria-hidden=\"true\" class=\"eicon-chevron-left\"><\/i>\t\t\t\t\t<\/div>\n\t\t\t\t\t<div class=\"elementor-swiper-button elementor-swiper-button-next\" role=\"button\" tabindex=\"0\">\n\t\t\t\t\t\t<i aria-hidden=\"true\" class=\"eicon-chevron-right\"><\/i>\t\t\t\t\t<\/div>\n\t\t\t\t\n\t\t\t\t\t\t\t\t\t<\/div>\n\t\t\t\t\t\t<\/div>\n\t\t\t\t<\/div>\n\t\t\t\t\t<\/div>\n\t\t\t\t<\/div>\n\t\t\t\t\t<\/div>\n\t\t\t\t<\/div>\n\t\t\t\t<\/div>","protected":false},"excerpt":{"rendered":"<p>Start-up Services im Medical Valley Forchheim Wir bieten Ihnen Services an, die sich an der Innovationskette Medizintechnik ausrichten und helfen den \u201etime to market\u201c-Prozess effektiver und effizienter zu gestalten. Die Angebote richten sich sowohl an bayerische Wachstumsunternehmen als auch an internationale Unternehmen auf dem Weg in den europ\u00e4ischen Markt. Sie ben\u00f6tigen Unterst\u00fctzung f\u00fcr ihr junges [&hellip;]<\/p>\n","protected":false},"author":1,"featured_media":858,"parent":440,"menu_order":0,"comment_status":"closed","ping_status":"closed","template":"","meta":{"footnotes":""},"class_list":["post-266","page","type-page","status-publish","has-post-thumbnail","hentry"],"aioseo_notices":[],"aioseo_head":"\n\t\t<!-- All in One SEO Pro 4.9.5.2 - aioseo.com -->\n\t<meta name=\"description\" content=\"Unterst\u00fctzung f\u00fcr Start-ups in Medizintechnik: Vom Kapital bis zur Partnersuche. Erfolgreich durch unsere Services im Medical Valley.\" \/>\n\t<meta name=\"robots\" content=\"max-image-preview:large\" \/>\n\t<link rel=\"canonical\" href=\"https:\/\/medical-valley-forchheim.de\/en\/services\/start-up-services\/\" \/>\n\t<meta name=\"generator\" content=\"All in One SEO Pro (AIOSEO) 4.9.5.2\" \/>\n\t\t<meta property=\"og:locale\" content=\"en_GB\" \/>\n\t\t<meta property=\"og:site_name\" content=\"Medical Valley Forchheim GmbH -\" \/>\n\t\t<meta property=\"og:type\" content=\"article\" \/>\n\t\t<meta property=\"og:title\" content=\"Hilfe beim Start-Up - Medical Valley Forchheim GmbH\" \/>\n\t\t<meta property=\"og:description\" content=\"Unterst\u00fctzung f\u00fcr Start-ups in Medizintechnik: Vom Kapital bis zur Partnersuche. Erfolgreich durch unsere Services im Medical Valley.\" \/>\n\t\t<meta property=\"og:url\" content=\"https:\/\/medical-valley-forchheim.de\/en\/services\/start-up-services\/\" \/>\n\t\t<meta property=\"og:image\" content=\"https:\/\/medical-valley-forchheim.de\/wp-content\/uploads\/2023\/08\/procarement-1.jpg\" \/>\n\t\t<meta property=\"og:image:secure_url\" content=\"https:\/\/medical-valley-forchheim.de\/wp-content\/uploads\/2023\/08\/procarement-1.jpg\" \/>\n\t\t<meta property=\"og:image:width\" content=\"1980\" \/>\n\t\t<meta property=\"og:image:height\" content=\"1000\" \/>\n\t\t<meta property=\"article:published_time\" content=\"2023-08-19T13:20:48+00:00\" \/>\n\t\t<meta property=\"article:modified_time\" content=\"2023-08-25T10:41:42+00:00\" \/>\n\t\t<meta name=\"twitter:card\" content=\"summary_large_image\" \/>\n\t\t<meta name=\"twitter:title\" content=\"Hilfe beim Start-Up - Medical Valley Forchheim GmbH\" \/>\n\t\t<meta name=\"twitter:description\" content=\"Unterst\u00fctzung f\u00fcr Start-ups in Medizintechnik: Vom Kapital bis zur Partnersuche. Erfolgreich durch unsere Services im Medical Valley.\" \/>\n\t\t<meta name=\"twitter:image\" content=\"https:\/\/medical-valley-forchheim.de\/wp-content\/uploads\/2023\/08\/procarement-1.jpg\" \/>\n\t\t<script type=\"application\/ld+json\" class=\"aioseo-schema\">\n\t\t\t{\"@context\":\"https:\\\/\\\/schema.org\",\"@graph\":[{\"@type\":\"BreadcrumbList\",\"@id\":\"https:\\\/\\\/medical-valley-forchheim.de\\\/en\\\/services\\\/start-up-services\\\/#breadcrumblist\",\"itemListElement\":[{\"@type\":\"ListItem\",\"@id\":\"https:\\\/\\\/medical-valley-forchheim.de\\\/en#listItem\",\"position\":1,\"name\":\"Home\",\"item\":\"https:\\\/\\\/medical-valley-forchheim.de\\\/en\",\"nextItem\":{\"@type\":\"ListItem\",\"@id\":\"https:\\\/\\\/medical-valley-forchheim.de\\\/en\\\/services\\\/#listItem\",\"name\":\"Services\"}},{\"@type\":\"ListItem\",\"@id\":\"https:\\\/\\\/medical-valley-forchheim.de\\\/en\\\/services\\\/#listItem\",\"position\":2,\"name\":\"Services\",\"item\":\"https:\\\/\\\/medical-valley-forchheim.de\\\/en\\\/services\\\/\",\"nextItem\":{\"@type\":\"ListItem\",\"@id\":\"https:\\\/\\\/medical-valley-forchheim.de\\\/en\\\/services\\\/start-up-services\\\/#listItem\",\"name\":\"Start-up Services\"},\"previousItem\":{\"@type\":\"ListItem\",\"@id\":\"https:\\\/\\\/medical-valley-forchheim.de\\\/en#listItem\",\"name\":\"Home\"}},{\"@type\":\"ListItem\",\"@id\":\"https:\\\/\\\/medical-valley-forchheim.de\\\/en\\\/services\\\/start-up-services\\\/#listItem\",\"position\":3,\"name\":\"Start-up Services\",\"previousItem\":{\"@type\":\"ListItem\",\"@id\":\"https:\\\/\\\/medical-valley-forchheim.de\\\/en\\\/services\\\/#listItem\",\"name\":\"Services\"}}]},{\"@type\":\"Organization\",\"@id\":\"https:\\\/\\\/medical-valley-forchheim.de\\\/en\\\/#organization\",\"name\":\"Medical Valley Center Forchheim\",\"url\":\"https:\\\/\\\/medical-valley-forchheim.de\\\/en\\\/\",\"telephone\":\"+4991919504010\",\"logo\":{\"@type\":\"ImageObject\",\"url\":\"https:\\\/\\\/medical-valley-forchheim.de\\\/wp-content\\\/uploads\\\/2023\\\/08\\\/medical-valley-logo.jpg\",\"@id\":\"https:\\\/\\\/medical-valley-forchheim.de\\\/en\\\/services\\\/start-up-services\\\/#organizationLogo\"},\"image\":{\"@id\":\"https:\\\/\\\/medical-valley-forchheim.de\\\/en\\\/services\\\/start-up-services\\\/#organizationLogo\"}},{\"@type\":\"WebPage\",\"@id\":\"https:\\\/\\\/medical-valley-forchheim.de\\\/en\\\/services\\\/start-up-services\\\/#webpage\",\"url\":\"https:\\\/\\\/medical-valley-forchheim.de\\\/en\\\/services\\\/start-up-services\\\/\",\"name\":\"Hilfe beim Start-Up - Medical Valley Forchheim GmbH\",\"description\":\"Unterst\\u00fctzung f\\u00fcr Start-ups in Medizintechnik: Vom Kapital bis zur Partnersuche. Erfolgreich durch unsere Services im Medical Valley.\",\"inLanguage\":\"en-GB\",\"isPartOf\":{\"@id\":\"https:\\\/\\\/medical-valley-forchheim.de\\\/en\\\/#website\"},\"breadcrumb\":{\"@id\":\"https:\\\/\\\/medical-valley-forchheim.de\\\/en\\\/services\\\/start-up-services\\\/#breadcrumblist\"},\"image\":{\"@type\":\"ImageObject\",\"url\":\"https:\\\/\\\/medical-valley-forchheim.de\\\/wp-content\\\/uploads\\\/2023\\\/08\\\/mvc-forchheim-003_1680_80.jpg\",\"@id\":\"https:\\\/\\\/medical-valley-forchheim.de\\\/en\\\/services\\\/start-up-services\\\/#mainImage\",\"width\":1680,\"height\":945,\"caption\":\"Im Garten des MVC sind eine klassische Bank und eine wei\\u00dfe Sitzgelegenheit in Form eines \\\"I\\\" zu sehen. Ein kleiner Baum und einige B\\u00fcsche befinden sich im Hintergrund, w\\u00e4hrend rote Lampen, die wie Mohnblumen aussehen, das Bild beleuchten.\"},\"primaryImageOfPage\":{\"@id\":\"https:\\\/\\\/medical-valley-forchheim.de\\\/en\\\/services\\\/start-up-services\\\/#mainImage\"},\"datePublished\":\"2023-08-19T15:20:48+02:00\",\"dateModified\":\"2023-08-25T12:41:42+02:00\"},{\"@type\":\"WebSite\",\"@id\":\"https:\\\/\\\/medical-valley-forchheim.de\\\/en\\\/#website\",\"url\":\"https:\\\/\\\/medical-valley-forchheim.de\\\/en\\\/\",\"name\":\"Medical Valley Center Forchheim\",\"inLanguage\":\"en-GB\",\"publisher\":{\"@id\":\"https:\\\/\\\/medical-valley-forchheim.de\\\/en\\\/#organization\"}}]}\n\t\t<\/script>\n\t\t<!-- All in One SEO Pro -->\r\n\t\t<title>Hilfe beim Start-Up - Medical Valley Forchheim GmbH<\/title>\n\n","aioseo_head_json":{"title":"Help with the start-up - Medical Valley Forchheim GmbH","description":"Support for start-ups in medical technology: from capital to finding partners. Successful through our services in Medical Valley.","canonical_url":"https:\/\/medical-valley-forchheim.de\/en\/services\/start-up-services\/","robots":"max-image-preview:large","keywords":"","webmasterTools":{"miscellaneous":""},"schema":{"@context":"https:\/\/schema.org","@graph":[{"@type":"BreadcrumbList","@id":"https:\/\/medical-valley-forchheim.de\/en\/services\/start-up-services\/#breadcrumblist","itemListElement":[{"@type":"ListItem","@id":"https:\/\/medical-valley-forchheim.de\/en#listItem","position":1,"name":"Home","item":"https:\/\/medical-valley-forchheim.de\/en","nextItem":{"@type":"ListItem","@id":"https:\/\/medical-valley-forchheim.de\/en\/services\/#listItem","name":"Services"}},{"@type":"ListItem","@id":"https:\/\/medical-valley-forchheim.de\/en\/services\/#listItem","position":2,"name":"Services","item":"https:\/\/medical-valley-forchheim.de\/en\/services\/","nextItem":{"@type":"ListItem","@id":"https:\/\/medical-valley-forchheim.de\/en\/services\/start-up-services\/#listItem","name":"Start-up Services"},"previousItem":{"@type":"ListItem","@id":"https:\/\/medical-valley-forchheim.de\/en#listItem","name":"Home"}},{"@type":"ListItem","@id":"https:\/\/medical-valley-forchheim.de\/en\/services\/start-up-services\/#listItem","position":3,"name":"Start-up Services","previousItem":{"@type":"ListItem","@id":"https:\/\/medical-valley-forchheim.de\/en\/services\/#listItem","name":"Services"}}]},{"@type":"Organization","@id":"https:\/\/medical-valley-forchheim.de\/en\/#organization","name":"Medical Valley Center Forchheim","url":"https:\/\/medical-valley-forchheim.de\/en\/","telephone":"+4991919504010","logo":{"@type":"ImageObject","url":"https:\/\/medical-valley-forchheim.de\/wp-content\/uploads\/2023\/08\/medical-valley-logo.jpg","@id":"https:\/\/medical-valley-forchheim.de\/en\/services\/start-up-services\/#organizationLogo"},"image":{"@id":"https:\/\/medical-valley-forchheim.de\/en\/services\/start-up-services\/#organizationLogo"}},{"@type":"WebPage","@id":"https:\/\/medical-valley-forchheim.de\/en\/services\/start-up-services\/#webpage","url":"https:\/\/medical-valley-forchheim.de\/en\/services\/start-up-services\/","name":"Hilfe beim Start-Up - Medical Valley Forchheim GmbH","description":"Unterst\u00fctzung f\u00fcr Start-ups in Medizintechnik: Vom Kapital bis zur Partnersuche. Erfolgreich durch unsere Services im Medical Valley.","inLanguage":"en-GB","isPartOf":{"@id":"https:\/\/medical-valley-forchheim.de\/en\/#website"},"breadcrumb":{"@id":"https:\/\/medical-valley-forchheim.de\/en\/services\/start-up-services\/#breadcrumblist"},"image":{"@type":"ImageObject","url":"https:\/\/medical-valley-forchheim.de\/wp-content\/uploads\/2023\/08\/mvc-forchheim-003_1680_80.jpg","@id":"https:\/\/medical-valley-forchheim.de\/en\/services\/start-up-services\/#mainImage","width":1680,"height":945,"caption":"Im Garten des MVC sind eine klassische Bank und eine wei\u00dfe Sitzgelegenheit in Form eines \"I\" zu sehen. Ein kleiner Baum und einige B\u00fcsche befinden sich im Hintergrund, w\u00e4hrend rote Lampen, die wie Mohnblumen aussehen, das Bild beleuchten."},"primaryImageOfPage":{"@id":"https:\/\/medical-valley-forchheim.de\/en\/services\/start-up-services\/#mainImage"},"datePublished":"2023-08-19T15:20:48+02:00","dateModified":"2023-08-25T12:41:42+02:00"},{"@type":"WebSite","@id":"https:\/\/medical-valley-forchheim.de\/en\/#website","url":"https:\/\/medical-valley-forchheim.de\/en\/","name":"Medical Valley Center Forchheim","inLanguage":"en-GB","publisher":{"@id":"https:\/\/medical-valley-forchheim.de\/en\/#organization"}}]},"og:locale":"en_GB","og:site_name":"Medical Valley Forchheim GmbH -","og:type":"article","og:title":"Hilfe beim Start-Up - Medical Valley Forchheim GmbH","og:description":"Unterst\u00fctzung f\u00fcr Start-ups in Medizintechnik: Vom Kapital bis zur Partnersuche. Erfolgreich durch unsere Services im Medical Valley.","og:url":"https:\/\/medical-valley-forchheim.de\/en\/services\/start-up-services\/","og:image":"https:\/\/medical-valley-forchheim.de\/wp-content\/uploads\/2023\/08\/procarement-1.jpg","og:image:secure_url":"https:\/\/medical-valley-forchheim.de\/wp-content\/uploads\/2023\/08\/procarement-1.jpg","og:image:width":1980,"og:image:height":1000,"article:published_time":"2023-08-19T13:20:48+00:00","article:modified_time":"2023-08-25T10:41:42+00:00","twitter:card":"summary_large_image","twitter:title":"Hilfe beim Start-Up - Medical Valley Forchheim GmbH","twitter:description":"Unterst\u00fctzung f\u00fcr Start-ups in Medizintechnik: Vom Kapital bis zur Partnersuche. Erfolgreich durch unsere Services im Medical Valley.","twitter:image":"https:\/\/medical-valley-forchheim.de\/wp-content\/uploads\/2023\/08\/procarement-1.jpg"},"aioseo_meta_data":{"post_id":"266","title":"Help with start-up #separator_sa #site_title","description":"Support for start-ups in medical technology: from capital to finding partners. Successful through our services in Medical Valley.","keywords":null,"keyphrases":null,"primary_term":null,"canonical_url":null,"og_title":null,"og_description":null,"og_object_type":"default","og_image_type":"default","og_image_url":null,"og_image_width":null,"og_image_height":null,"og_image_custom_url":null,"og_image_custom_fields":null,"og_video":"","og_custom_url":null,"og_article_section":null,"og_article_tags":null,"twitter_use_og":false,"twitter_card":"default","twitter_image_type":"default","twitter_image_url":null,"twitter_image_custom_url":null,"twitter_image_custom_fields":null,"twitter_title":null,"twitter_description":null,"schema":{"blockGraphs":[],"customGraphs":[],"default":{"data":{"Article":[],"Course":[],"Dataset":[],"FAQPage":[],"Movie":[],"Person":[],"Product":[],"ProductReview":[],"Car":[],"Recipe":[],"Service":[],"SoftwareApplication":[],"WebPage":[]},"graphName":"","isEnabled":true},"graphs":[]},"schema_type":"default","schema_type_options":null,"pillar_content":false,"robots_default":true,"robots_noindex":false,"robots_noarchive":false,"robots_nosnippet":false,"robots_nofollow":false,"robots_noimageindex":false,"robots_noodp":false,"robots_notranslate":false,"robots_max_snippet":"-1","robots_max_videopreview":"-1","robots_max_imagepreview":"large","priority":null,"frequency":"default","local_seo":null,"seo_analyzer_scan_date":"2025-08-21 08:13:08","breadcrumb_settings":null,"limit_modified_date":false,"open_ai":"{\"title\":{\"suggestions\":[],\"usage\":0},\"description\":{\"suggestions\":[],\"usage\":0}}","ai":null,"created":"2023-09-01 12:39:18","updated":"2025-10-23 01:02:26"},"_links":{"self":[{"href":"https:\/\/medical-valley-forchheim.de\/en\/wp-json\/wp\/v2\/pages\/266","targetHints":{"allow":["GET"]}}],"collection":[{"href":"https:\/\/medical-valley-forchheim.de\/en\/wp-json\/wp\/v2\/pages"}],"about":[{"href":"https:\/\/medical-valley-forchheim.de\/en\/wp-json\/wp\/v2\/types\/page"}],"author":[{"embeddable":true,"href":"https:\/\/medical-valley-forchheim.de\/en\/wp-json\/wp\/v2\/users\/1"}],"replies":[{"embeddable":true,"href":"https:\/\/medical-valley-forchheim.de\/en\/wp-json\/wp\/v2\/comments?post=266"}],"version-history":[{"count":0,"href":"https:\/\/medical-valley-forchheim.de\/en\/wp-json\/wp\/v2\/pages\/266\/revisions"}],"up":[{"embeddable":true,"href":"https:\/\/medical-valley-forchheim.de\/en\/wp-json\/wp\/v2\/pages\/440"}],"wp:featuredmedia":[{"embeddable":true,"href":"https:\/\/medical-valley-forchheim.de\/en\/wp-json\/wp\/v2\/media\/858"}],"wp:attachment":[{"href":"https:\/\/medical-valley-forchheim.de\/en\/wp-json\/wp\/v2\/media?parent=266"}],"curies":[{"name":"wp","href":"https:\/\/api.w.org\/{rel}","templated":true}]}}