{"id":218,"date":"2023-08-19T13:36:07","date_gmt":"2023-08-19T11:36:07","guid":{"rendered":"https:\/\/dev.fomedia.io\/mvc\/?page_id=218"},"modified":"2023-08-25T12:36:29","modified_gmt":"2023-08-25T10:36:29","slug":"catering-restaurant","status":"publish","type":"page","link":"https:\/\/medical-valley-forchheim.de\/en\/services\/catering-restaurant\/","title":{"rendered":"Catering &amp; Restaurant"},"content":{"rendered":"<div data-elementor-type=\"wp-page\" data-elementor-id=\"218\" class=\"elementor elementor-218\" data-elementor-post-type=\"page\">\n\t\t\t\t<div class=\"elementor-element elementor-element-cbd5b74 e-flex e-con-boxed e-con e-parent\" data-id=\"cbd5b74\" data-element_type=\"container\" data-e-type=\"container\">\n\t\t\t\t\t<div class=\"e-con-inner\">\n\t\t<div class=\"elementor-element elementor-element-eb5d758 e-con-full e-flex e-con e-parent\" data-id=\"eb5d758\" data-element_type=\"container\" data-e-type=\"container\">\n\t\t\t\t<div class=\"elementor-element elementor-element-6c48d57e elementor-widget elementor-widget-text-editor\" data-id=\"6c48d57e\" data-element_type=\"widget\" data-e-type=\"widget\" data-widget_type=\"text-editor.default\">\n\t\t\t\t<div class=\"elementor-widget-container\">\n\t\t\t\t\t\t\t\t\t<h1>Catering &amp; Restaurant at the Medical Valley Center Forchheim<\/h1>\t\t\t\t\t\t\t\t<\/div>\n\t\t\t\t<\/div>\n\t\t\t\t<\/div>\n\t\t\t\t\t<\/div>\n\t\t\t\t<\/div>\n\t\t<div class=\"elementor-element elementor-element-2d695317 e-flex e-con-boxed e-con e-parent\" data-id=\"2d695317\" data-element_type=\"container\" data-e-type=\"container\">\n\t\t\t\t\t<div class=\"e-con-inner\">\n\t\t<div class=\"elementor-element elementor-element-3908fead e-con-full e-flex e-con e-parent\" data-id=\"3908fead\" data-element_type=\"container\" data-e-type=\"container\">\n\t\t\t\t<div class=\"elementor-element elementor-element-781cd6a7 elementor-widget elementor-widget-text-editor\" data-id=\"781cd6a7\" data-element_type=\"widget\" data-e-type=\"widget\" data-widget_type=\"text-editor.default\">\n\t\t\t\t<div class=\"elementor-widget-container\">\n\t\t\t\t\t\t\t\t\t<p>The <strong>Restaurant Hiro Sakao<\/strong> - Top class catering and ambience! If you are looking for something special, then you have come to the right place. Japanese cuisine, traditionally yet modernly interpreted.<\/p>\t\t\t\t\t\t\t\t<\/div>\n\t\t\t\t<\/div>\n\t\t\t\t<div class=\"elementor-element elementor-element-f734d4c elementor-widget elementor-widget-button\" data-id=\"f734d4c\" data-element_type=\"widget\" data-e-type=\"widget\" data-widget_type=\"button.default\">\n\t\t\t\t<div class=\"elementor-widget-container\">\n\t\t\t\t\t\t\t\t\t<div class=\"elementor-button-wrapper\">\n\t\t\t\t\t<a class=\"elementor-button elementor-button-link elementor-size-sm\" href=\"https:\/\/www.hirosakao-forchheim.de\/speisekarte\/\" target=\"_blank\" rel=\"nofollow\">\n\t\t\t\t\t\t<span class=\"elementor-button-content-wrapper\">\n\t\t\t\t\t\t\t\t\t<span class=\"elementor-button-text\">Open menu<\/span>\n\t\t\t\t\t<\/span>\n\t\t\t\t\t<\/a>\n\t\t\t\t<\/div>\n\t\t\t\t\t\t\t\t<\/div>\n\t\t\t\t<\/div>\n\t\t\t\t<\/div>\n\t\t<div class=\"elementor-element elementor-element-36b265e9 e-con-full e-flex e-con e-parent\" data-id=\"36b265e9\" data-element_type=\"container\" data-e-type=\"container\">\n\t\t\t\t<div class=\"elementor-element elementor-element-214319b8 elementor-widget elementor-widget-text-editor\" data-id=\"214319b8\" data-element_type=\"widget\" data-e-type=\"widget\" data-widget_type=\"text-editor.default\">\n\t\t\t\t<div class=\"elementor-widget-container\">\n\t\t\t\t\t\t\t\t\t<p><strong>Opening hours:<\/strong><\/p><ul><li>Mon-Fri: 11.30-14.30 &amp; 17.30-22.30<\/li><li>Saturday &amp; Holidays: 17.00-22.30<\/li><li>Sunday: 17.00-22.00<\/li><\/ul>\t\t\t\t\t\t\t\t<\/div>\n\t\t\t\t<\/div>\n\t\t\t\t<\/div>\n\t\t\t\t\t<\/div>\n\t\t\t\t<\/div>\n\t\t<div class=\"elementor-element elementor-element-47a044fd e-flex e-con-boxed e-con e-parent\" data-id=\"47a044fd\" data-element_type=\"container\" data-e-type=\"container\">\n\t\t\t\t\t<div class=\"e-con-inner\">\n\t\t<div class=\"elementor-element elementor-element-2f408807 e-flex e-con-boxed e-con e-parent\" data-id=\"2f408807\" data-element_type=\"container\" data-e-type=\"container\">\n\t\t\t\t\t<div class=\"e-con-inner\">\n\t\t\t\t<div class=\"elementor-element elementor-element-46bc36a9 elementor-widget elementor-widget-image\" data-id=\"46bc36a9\" data-element_type=\"widget\" data-e-type=\"widget\" data-widget_type=\"image.default\">\n\t\t\t\t<div class=\"elementor-widget-container\">\n\t\t\t\t\t\t\t\t\t\t\t\t\t\t\t<img fetchpriority=\"high\" decoding=\"async\" width=\"800\" height=\"450\" src=\"https:\/\/medical-valley-forchheim.de\/wp-content\/uploads\/2023\/08\/mvc-forchheim-007_1680_80-1024x576.jpg\" class=\"attachment-large size-large wp-image-968\" alt=\"The interior of Hiro Sakao is decorated in a dark grey and brown, with a modern ambience. Tables with 2 chairs each are spread out, while two posts decorate the space and the kitchen can be seen in the background.\" srcset=\"https:\/\/medical-valley-forchheim.de\/wp-content\/uploads\/2023\/08\/mvc-forchheim-007_1680_80-1024x576.jpg 1024w, https:\/\/medical-valley-forchheim.de\/wp-content\/uploads\/2023\/08\/mvc-forchheim-007_1680_80-300x169.jpg 300w, https:\/\/medical-valley-forchheim.de\/wp-content\/uploads\/2023\/08\/mvc-forchheim-007_1680_80-768x432.jpg 768w, https:\/\/medical-valley-forchheim.de\/wp-content\/uploads\/2023\/08\/mvc-forchheim-007_1680_80-1536x864.jpg 1536w, https:\/\/medical-valley-forchheim.de\/wp-content\/uploads\/2023\/08\/mvc-forchheim-007_1680_80-18x10.jpg 18w, https:\/\/medical-valley-forchheim.de\/wp-content\/uploads\/2023\/08\/mvc-forchheim-007_1680_80.jpg 1680w\" sizes=\"(max-width: 800px) 100vw, 800px\" title=\"Interior Hiro Sakao - Medical Valley Forchheim GmbH\" \/>\t\t\t\t\t\t\t\t\t\t\t\t\t\t\t<\/div>\n\t\t\t\t<\/div>\n\t\t\t\t\t<\/div>\n\t\t\t\t<\/div>\n\t\t\t\t\t<\/div>\n\t\t\t\t<\/div>\n\t\t\t\t<\/div>","protected":false},"excerpt":{"rendered":"<p>Catering &amp; Restaurant in the Medical Valley Center Forchheim The Hiro Sakao Restaurant - top-class catering and ambience! If you are looking for something special, then you have come to the right place. Japanese cuisine, traditional and yet interpreted in a modern way. Open menu Opening hours: Mon-Fri: 11.30-14.30 &amp; 17.30-22.30 Saturday &amp; Public Holidays: 17.00-22.30 Sunday: 17.00-22.00<\/p>","protected":false},"author":1,"featured_media":971,"parent":440,"menu_order":0,"comment_status":"closed","ping_status":"closed","template":"","meta":{"footnotes":""},"class_list":["post-218","page","type-page","status-publish","has-post-thumbnail","hentry"],"aioseo_notices":[],"aioseo_head":"\n\t\t<!-- All in One SEO Pro 4.9.5.2 - aioseo.com -->\n\t<meta name=\"description\" content=\"Traditionelle, moderne japanische K\u00fcche im MVC Forchheim. Erleben Sie Spitzenklasse Catering und Ambiente bei Hiro Sakao!\" \/>\n\t<meta name=\"robots\" content=\"max-image-preview:large\" \/>\n\t<link rel=\"canonical\" href=\"https:\/\/medical-valley-forchheim.de\/en\/services\/catering-restaurant\/\" \/>\n\t<meta name=\"generator\" content=\"All in One SEO Pro (AIOSEO) 4.9.5.2\" \/>\n\t\t<meta property=\"og:locale\" content=\"en_GB\" \/>\n\t\t<meta property=\"og:site_name\" content=\"Medical Valley Forchheim GmbH -\" \/>\n\t\t<meta property=\"og:type\" content=\"article\" \/>\n\t\t<meta property=\"og:title\" content=\"Essen &amp; Service: Hiro Sakao - Medical Valley Forchheim GmbH\" \/>\n\t\t<meta property=\"og:description\" content=\"Traditionelle, moderne japanische K\u00fcche im MVC Forchheim. Erleben Sie Spitzenklasse Catering und Ambiente bei Hiro Sakao!\" \/>\n\t\t<meta property=\"og:url\" content=\"https:\/\/medical-valley-forchheim.de\/en\/services\/catering-restaurant\/\" \/>\n\t\t<meta property=\"og:image\" content=\"https:\/\/medical-valley-forchheim.de\/wp-content\/uploads\/2023\/08\/mvc-forchheim-007_1680_80.jpg\" \/>\n\t\t<meta property=\"og:image:secure_url\" content=\"https:\/\/medical-valley-forchheim.de\/wp-content\/uploads\/2023\/08\/mvc-forchheim-007_1680_80.jpg\" \/>\n\t\t<meta property=\"og:image:width\" content=\"1680\" \/>\n\t\t<meta property=\"og:image:height\" content=\"945\" \/>\n\t\t<meta property=\"article:published_time\" content=\"2023-08-19T11:36:07+00:00\" \/>\n\t\t<meta property=\"article:modified_time\" content=\"2023-08-25T10:36:29+00:00\" \/>\n\t\t<meta name=\"twitter:card\" content=\"summary_large_image\" \/>\n\t\t<meta name=\"twitter:title\" content=\"Essen &amp; Service: Hiro Sakao - Medical Valley Forchheim GmbH\" \/>\n\t\t<meta name=\"twitter:description\" content=\"Traditionelle, moderne japanische K\u00fcche im MVC Forchheim. Erleben Sie Spitzenklasse Catering und Ambiente bei Hiro Sakao!\" \/>\n\t\t<meta name=\"twitter:image\" content=\"https:\/\/medical-valley-forchheim.de\/wp-content\/uploads\/2023\/08\/mvc-forchheim-007_1680_80.jpg\" \/>\n\t\t<script type=\"application\/ld+json\" class=\"aioseo-schema\">\n\t\t\t{\"@context\":\"https:\\\/\\\/schema.org\",\"@graph\":[{\"@type\":\"BreadcrumbList\",\"@id\":\"https:\\\/\\\/medical-valley-forchheim.de\\\/en\\\/services\\\/catering-restaurant\\\/#breadcrumblist\",\"itemListElement\":[{\"@type\":\"ListItem\",\"@id\":\"https:\\\/\\\/medical-valley-forchheim.de\\\/en#listItem\",\"position\":1,\"name\":\"Home\",\"item\":\"https:\\\/\\\/medical-valley-forchheim.de\\\/en\",\"nextItem\":{\"@type\":\"ListItem\",\"@id\":\"https:\\\/\\\/medical-valley-forchheim.de\\\/en\\\/services\\\/#listItem\",\"name\":\"Services\"}},{\"@type\":\"ListItem\",\"@id\":\"https:\\\/\\\/medical-valley-forchheim.de\\\/en\\\/services\\\/#listItem\",\"position\":2,\"name\":\"Services\",\"item\":\"https:\\\/\\\/medical-valley-forchheim.de\\\/en\\\/services\\\/\",\"nextItem\":{\"@type\":\"ListItem\",\"@id\":\"https:\\\/\\\/medical-valley-forchheim.de\\\/en\\\/services\\\/catering-restaurant\\\/#listItem\",\"name\":\"Catering &#038; Restaurant\"},\"previousItem\":{\"@type\":\"ListItem\",\"@id\":\"https:\\\/\\\/medical-valley-forchheim.de\\\/en#listItem\",\"name\":\"Home\"}},{\"@type\":\"ListItem\",\"@id\":\"https:\\\/\\\/medical-valley-forchheim.de\\\/en\\\/services\\\/catering-restaurant\\\/#listItem\",\"position\":3,\"name\":\"Catering &#038; Restaurant\",\"previousItem\":{\"@type\":\"ListItem\",\"@id\":\"https:\\\/\\\/medical-valley-forchheim.de\\\/en\\\/services\\\/#listItem\",\"name\":\"Services\"}}]},{\"@type\":\"Organization\",\"@id\":\"https:\\\/\\\/medical-valley-forchheim.de\\\/en\\\/#organization\",\"name\":\"Medical Valley Center Forchheim\",\"url\":\"https:\\\/\\\/medical-valley-forchheim.de\\\/en\\\/\",\"telephone\":\"+4991919504010\",\"logo\":{\"@type\":\"ImageObject\",\"url\":\"https:\\\/\\\/medical-valley-forchheim.de\\\/wp-content\\\/uploads\\\/2023\\\/08\\\/medical-valley-logo.jpg\",\"@id\":\"https:\\\/\\\/medical-valley-forchheim.de\\\/en\\\/services\\\/catering-restaurant\\\/#organizationLogo\"},\"image\":{\"@id\":\"https:\\\/\\\/medical-valley-forchheim.de\\\/en\\\/services\\\/catering-restaurant\\\/#organizationLogo\"}},{\"@type\":\"WebPage\",\"@id\":\"https:\\\/\\\/medical-valley-forchheim.de\\\/en\\\/services\\\/catering-restaurant\\\/#webpage\",\"url\":\"https:\\\/\\\/medical-valley-forchheim.de\\\/en\\\/services\\\/catering-restaurant\\\/\",\"name\":\"Essen & Service: Hiro Sakao - Medical Valley Forchheim GmbH\",\"description\":\"Traditionelle, moderne japanische K\\u00fcche im MVC Forchheim. Erleben Sie Spitzenklasse Catering und Ambiente bei Hiro Sakao!\",\"inLanguage\":\"en-GB\",\"isPartOf\":{\"@id\":\"https:\\\/\\\/medical-valley-forchheim.de\\\/en\\\/#website\"},\"breadcrumb\":{\"@id\":\"https:\\\/\\\/medical-valley-forchheim.de\\\/en\\\/services\\\/catering-restaurant\\\/#breadcrumblist\"},\"image\":{\"@type\":\"ImageObject\",\"url\":\"https:\\\/\\\/medical-valley-forchheim.de\\\/wp-content\\\/uploads\\\/2023\\\/08\\\/mvc-forchheim-010_1680_80.jpg\",\"@id\":\"https:\\\/\\\/medical-valley-forchheim.de\\\/en\\\/services\\\/catering-restaurant\\\/#mainImage\",\"width\":1680,\"height\":945,\"caption\":\"Im Au\\u00dfenbereich des Hiro Sakao sind die Tische in drei Reihen angeordnet, wobei ein Teil unter der Markise und der andere Teil unter Sonnenschirmen steht. Die Tische sind in einem einheitlichen dunklen Ton gestaltet, was eine gem\\u00fctliche Atmosph\\u00e4re schafft und zum Verweilen im Freien einl\\u00e4dt.\"},\"primaryImageOfPage\":{\"@id\":\"https:\\\/\\\/medical-valley-forchheim.de\\\/en\\\/services\\\/catering-restaurant\\\/#mainImage\"},\"datePublished\":\"2023-08-19T13:36:07+02:00\",\"dateModified\":\"2023-08-25T12:36:29+02:00\"},{\"@type\":\"WebSite\",\"@id\":\"https:\\\/\\\/medical-valley-forchheim.de\\\/en\\\/#website\",\"url\":\"https:\\\/\\\/medical-valley-forchheim.de\\\/en\\\/\",\"name\":\"Medical Valley Center Forchheim\",\"inLanguage\":\"en-GB\",\"publisher\":{\"@id\":\"https:\\\/\\\/medical-valley-forchheim.de\\\/en\\\/#organization\"}}]}\n\t\t<\/script>\n\t\t<!-- All in One SEO Pro -->\r\n\t\t<title>Essen &amp; Service: Hiro Sakao - Medical Valley Forchheim GmbH<\/title>\n\n","aioseo_head_json":{"title":"Food &amp; Service: Hiro Sakao - Medical Valley Forchheim GmbH","description":"Traditional, modern Japanese cuisine at the MVC Forchheim. Experience top class catering and ambience at Hiro Sakao!","canonical_url":"https:\/\/medical-valley-forchheim.de\/en\/services\/catering-restaurant\/","robots":"max-image-preview:large","keywords":"","webmasterTools":{"miscellaneous":""},"schema":{"@context":"https:\/\/schema.org","@graph":[{"@type":"BreadcrumbList","@id":"https:\/\/medical-valley-forchheim.de\/en\/services\/catering-restaurant\/#breadcrumblist","itemListElement":[{"@type":"ListItem","@id":"https:\/\/medical-valley-forchheim.de\/en#listItem","position":1,"name":"Home","item":"https:\/\/medical-valley-forchheim.de\/en","nextItem":{"@type":"ListItem","@id":"https:\/\/medical-valley-forchheim.de\/en\/services\/#listItem","name":"Services"}},{"@type":"ListItem","@id":"https:\/\/medical-valley-forchheim.de\/en\/services\/#listItem","position":2,"name":"Services","item":"https:\/\/medical-valley-forchheim.de\/en\/services\/","nextItem":{"@type":"ListItem","@id":"https:\/\/medical-valley-forchheim.de\/en\/services\/catering-restaurant\/#listItem","name":"Catering &#038; Restaurant"},"previousItem":{"@type":"ListItem","@id":"https:\/\/medical-valley-forchheim.de\/en#listItem","name":"Home"}},{"@type":"ListItem","@id":"https:\/\/medical-valley-forchheim.de\/en\/services\/catering-restaurant\/#listItem","position":3,"name":"Catering &#038; Restaurant","previousItem":{"@type":"ListItem","@id":"https:\/\/medical-valley-forchheim.de\/en\/services\/#listItem","name":"Services"}}]},{"@type":"Organization","@id":"https:\/\/medical-valley-forchheim.de\/en\/#organization","name":"Medical Valley Center Forchheim","url":"https:\/\/medical-valley-forchheim.de\/en\/","telephone":"+4991919504010","logo":{"@type":"ImageObject","url":"https:\/\/medical-valley-forchheim.de\/wp-content\/uploads\/2023\/08\/medical-valley-logo.jpg","@id":"https:\/\/medical-valley-forchheim.de\/en\/services\/catering-restaurant\/#organizationLogo"},"image":{"@id":"https:\/\/medical-valley-forchheim.de\/en\/services\/catering-restaurant\/#organizationLogo"}},{"@type":"WebPage","@id":"https:\/\/medical-valley-forchheim.de\/en\/services\/catering-restaurant\/#webpage","url":"https:\/\/medical-valley-forchheim.de\/en\/services\/catering-restaurant\/","name":"Essen & Service: Hiro Sakao - Medical Valley Forchheim GmbH","description":"Traditionelle, moderne japanische K\u00fcche im MVC Forchheim. Erleben Sie Spitzenklasse Catering und Ambiente bei Hiro Sakao!","inLanguage":"en-GB","isPartOf":{"@id":"https:\/\/medical-valley-forchheim.de\/en\/#website"},"breadcrumb":{"@id":"https:\/\/medical-valley-forchheim.de\/en\/services\/catering-restaurant\/#breadcrumblist"},"image":{"@type":"ImageObject","url":"https:\/\/medical-valley-forchheim.de\/wp-content\/uploads\/2023\/08\/mvc-forchheim-010_1680_80.jpg","@id":"https:\/\/medical-valley-forchheim.de\/en\/services\/catering-restaurant\/#mainImage","width":1680,"height":945,"caption":"Im Au\u00dfenbereich des Hiro Sakao sind die Tische in drei Reihen angeordnet, wobei ein Teil unter der Markise und der andere Teil unter Sonnenschirmen steht. Die Tische sind in einem einheitlichen dunklen Ton gestaltet, was eine gem\u00fctliche Atmosph\u00e4re schafft und zum Verweilen im Freien einl\u00e4dt."},"primaryImageOfPage":{"@id":"https:\/\/medical-valley-forchheim.de\/en\/services\/catering-restaurant\/#mainImage"},"datePublished":"2023-08-19T13:36:07+02:00","dateModified":"2023-08-25T12:36:29+02:00"},{"@type":"WebSite","@id":"https:\/\/medical-valley-forchheim.de\/en\/#website","url":"https:\/\/medical-valley-forchheim.de\/en\/","name":"Medical Valley Center Forchheim","inLanguage":"en-GB","publisher":{"@id":"https:\/\/medical-valley-forchheim.de\/en\/#organization"}}]},"og:locale":"en_GB","og:site_name":"Medical Valley Forchheim GmbH -","og:type":"article","og:title":"Essen &amp; Service: Hiro Sakao - Medical Valley Forchheim GmbH","og:description":"Traditionelle, moderne japanische K\u00fcche im MVC Forchheim. Erleben Sie Spitzenklasse Catering und Ambiente bei Hiro Sakao!","og:url":"https:\/\/medical-valley-forchheim.de\/en\/services\/catering-restaurant\/","og:image":"https:\/\/medical-valley-forchheim.de\/wp-content\/uploads\/2023\/08\/mvc-forchheim-007_1680_80.jpg","og:image:secure_url":"https:\/\/medical-valley-forchheim.de\/wp-content\/uploads\/2023\/08\/mvc-forchheim-007_1680_80.jpg","og:image:width":1680,"og:image:height":945,"article:published_time":"2023-08-19T11:36:07+00:00","article:modified_time":"2023-08-25T10:36:29+00:00","twitter:card":"summary_large_image","twitter:title":"Essen &amp; Service: Hiro Sakao - Medical Valley Forchheim GmbH","twitter:description":"Traditionelle, moderne japanische K\u00fcche im MVC Forchheim. Erleben Sie Spitzenklasse Catering und Ambiente bei Hiro Sakao!","twitter:image":"https:\/\/medical-valley-forchheim.de\/wp-content\/uploads\/2023\/08\/mvc-forchheim-007_1680_80.jpg"},"aioseo_meta_data":{"post_id":"218","title":"Food &amp; Service: Hiro Sakao #separator_sa #site_title","description":"Traditional, modern Japanese cuisine at the MVC Forchheim. Experience top class catering and ambience at Hiro Sakao!","keywords":null,"keyphrases":null,"primary_term":null,"canonical_url":null,"og_title":null,"og_description":null,"og_object_type":"default","og_image_type":"default","og_image_url":null,"og_image_width":null,"og_image_height":null,"og_image_custom_url":null,"og_image_custom_fields":null,"og_video":"","og_custom_url":null,"og_article_section":null,"og_article_tags":null,"twitter_use_og":false,"twitter_card":"default","twitter_image_type":"default","twitter_image_url":null,"twitter_image_custom_url":null,"twitter_image_custom_fields":null,"twitter_title":null,"twitter_description":null,"schema":{"blockGraphs":[],"customGraphs":[],"default":{"data":{"Article":[],"Course":[],"Dataset":[],"FAQPage":[],"Movie":[],"Person":[],"Product":[],"ProductReview":[],"Car":[],"Recipe":[],"Service":[],"SoftwareApplication":[],"WebPage":[]},"graphName":"","isEnabled":true},"graphs":[]},"schema_type":"default","schema_type_options":null,"pillar_content":false,"robots_default":true,"robots_noindex":false,"robots_noarchive":false,"robots_nosnippet":false,"robots_nofollow":false,"robots_noimageindex":false,"robots_noodp":false,"robots_notranslate":false,"robots_max_snippet":"-1","robots_max_videopreview":"-1","robots_max_imagepreview":"large","priority":null,"frequency":"default","local_seo":null,"seo_analyzer_scan_date":"2025-08-21 08:13:08","breadcrumb_settings":null,"limit_modified_date":false,"open_ai":"{\"title\":{\"suggestions\":[],\"usage\":0},\"description\":{\"suggestions\":[],\"usage\":0}}","ai":null,"created":"2023-09-01 12:39:18","updated":"2025-10-23 01:02:26"},"_links":{"self":[{"href":"https:\/\/medical-valley-forchheim.de\/en\/wp-json\/wp\/v2\/pages\/218","targetHints":{"allow":["GET"]}}],"collection":[{"href":"https:\/\/medical-valley-forchheim.de\/en\/wp-json\/wp\/v2\/pages"}],"about":[{"href":"https:\/\/medical-valley-forchheim.de\/en\/wp-json\/wp\/v2\/types\/page"}],"author":[{"embeddable":true,"href":"https:\/\/medical-valley-forchheim.de\/en\/wp-json\/wp\/v2\/users\/1"}],"replies":[{"embeddable":true,"href":"https:\/\/medical-valley-forchheim.de\/en\/wp-json\/wp\/v2\/comments?post=218"}],"version-history":[{"count":0,"href":"https:\/\/medical-valley-forchheim.de\/en\/wp-json\/wp\/v2\/pages\/218\/revisions"}],"up":[{"embeddable":true,"href":"https:\/\/medical-valley-forchheim.de\/en\/wp-json\/wp\/v2\/pages\/440"}],"wp:featuredmedia":[{"embeddable":true,"href":"https:\/\/medical-valley-forchheim.de\/en\/wp-json\/wp\/v2\/media\/971"}],"wp:attachment":[{"href":"https:\/\/medical-valley-forchheim.de\/en\/wp-json\/wp\/v2\/media?parent=218"}],"curies":[{"name":"wp","href":"https:\/\/api.w.org\/{rel}","templated":true}]}}