{"id":199,"date":"2023-08-19T13:23:21","date_gmt":"2023-08-19T11:23:21","guid":{"rendered":"https:\/\/dev.fomedia.io\/mvc\/?page_id=199"},"modified":"2023-09-06T15:33:40","modified_gmt":"2023-09-06T13:33:40","slug":"office-space","status":"publish","type":"page","link":"https:\/\/medical-valley-forchheim.de\/en\/services\/bueroraeume\/","title":{"rendered":"Office space"},"content":{"rendered":"<div data-elementor-type=\"wp-page\" data-elementor-id=\"199\" class=\"elementor elementor-199\" data-elementor-post-type=\"page\">\n\t\t\t\t<div class=\"elementor-element elementor-element-6dc753bb e-flex e-con-boxed e-con e-parent\" data-id=\"6dc753bb\" data-element_type=\"container\" data-e-type=\"container\">\n\t\t\t\t\t<div class=\"e-con-inner\">\n\t\t<div class=\"elementor-element elementor-element-71e11229 e-con-full e-flex e-con e-child\" data-id=\"71e11229\" data-element_type=\"container\" data-e-type=\"container\">\n\t\t\t\t<div class=\"elementor-element elementor-element-a9b8c99 elementor-widget elementor-widget-text-editor\" data-id=\"a9b8c99\" data-element_type=\"widget\" data-e-type=\"widget\" data-widget_type=\"text-editor.default\">\n\t\t\t\t<div class=\"elementor-widget-container\">\n\t\t\t\t\t\t\t\t\t<h1>Rent office space in the Medical Valley Center Forchheim<\/h1><h4>The Medical Valley Center Forchheim offers growth companies in the medical technology and healthcare industry excellent office space in one of the economically strongest and scientifically most active medical technology clusters in the world - the Medical Valley European Metropolitan Region of Nuremberg.<\/h4>\t\t\t\t\t\t\t\t<\/div>\n\t\t\t\t<\/div>\n\t\t\t\t<\/div>\n\t\t\t\t\t<\/div>\n\t\t\t\t<\/div>\n\t\t<div class=\"elementor-element elementor-element-561b648c e-flex e-con-boxed e-con e-parent\" data-id=\"561b648c\" data-element_type=\"container\" data-e-type=\"container\">\n\t\t\t\t\t<div class=\"e-con-inner\">\n\t\t<div class=\"elementor-element elementor-element-40fa139d e-con-full e-flex e-con e-child\" data-id=\"40fa139d\" data-element_type=\"container\" data-e-type=\"container\">\n\t\t\t\t<div class=\"elementor-element elementor-element-91d5da8 elementor-widget elementor-widget-text-editor\" data-id=\"91d5da8\" data-element_type=\"widget\" data-e-type=\"widget\" data-widget_type=\"text-editor.default\">\n\t\t\t\t<div class=\"elementor-widget-container\">\n\t\t\t\t\t\t\t\t\t<h2>Advantages<\/h2>\t\t\t\t\t\t\t\t<\/div>\n\t\t\t\t<\/div>\n\t\t\t\t<div class=\"elementor-element elementor-element-35c4e03 elementor-icon-list--layout-traditional elementor-list-item-link-full_width elementor-widget elementor-widget-icon-list\" data-id=\"35c4e03\" data-element_type=\"widget\" data-e-type=\"widget\" data-widget_type=\"icon-list.default\">\n\t\t\t\t<div class=\"elementor-widget-container\">\n\t\t\t\t\t\t\t<ul class=\"elementor-icon-list-items\">\n\t\t\t\t\t\t\t<li class=\"elementor-icon-list-item\">\n\t\t\t\t\t\t\t\t\t\t\t<span class=\"elementor-icon-list-icon\">\n\t\t\t\t\t\t\t<i aria-hidden=\"true\" class=\"fas fa-check\"><\/i>\t\t\t\t\t\t<\/span>\n\t\t\t\t\t\t\t\t\t\t<span class=\"elementor-icon-list-text\">2,400 m\u00b2 of flexible, prestigious office space<\/span>\n\t\t\t\t\t\t\t\t\t<\/li>\n\t\t\t\t\t\t\t\t<li class=\"elementor-icon-list-item\">\n\t\t\t\t\t\t\t\t\t\t\t<span class=\"elementor-icon-list-icon\">\n\t\t\t\t\t\t\t<i aria-hidden=\"true\" class=\"fas fa-check\"><\/i>\t\t\t\t\t\t<\/span>\n\t\t\t\t\t\t\t\t\t\t<span class=\"elementor-icon-list-text\">Individually usable conference rooms as well as areas for events and gastronomy<\/span>\n\t\t\t\t\t\t\t\t\t<\/li>\n\t\t\t\t\t\t\t\t<li class=\"elementor-icon-list-item\">\n\t\t\t\t\t\t\t\t\t\t\t<span class=\"elementor-icon-list-icon\">\n\t\t\t\t\t\t\t<i aria-hidden=\"true\" class=\"fas fa-check\"><\/i>\t\t\t\t\t\t<\/span>\n\t\t\t\t\t\t\t\t\t\t<span class=\"elementor-icon-list-text\">Embedding in an excellent research infrastructure<\/span>\n\t\t\t\t\t\t\t\t\t<\/li>\n\t\t\t\t\t\t\t\t<li class=\"elementor-icon-list-item\">\n\t\t\t\t\t\t\t\t\t\t\t<span class=\"elementor-icon-list-icon\">\n\t\t\t\t\t\t\t<i aria-hidden=\"true\" class=\"fas fa-check\"><\/i>\t\t\t\t\t\t<\/span>\n\t\t\t\t\t\t\t\t\t\t<span class=\"elementor-icon-list-text\">Access to services that catalyse your growth<\/span>\n\t\t\t\t\t\t\t\t\t<\/li>\n\t\t\t\t\t\t<\/ul>\n\t\t\t\t\t\t<\/div>\n\t\t\t\t<\/div>\n\t\t\t\t<div class=\"elementor-element elementor-element-8a22729 elementor-widget elementor-widget-global elementor-global-676 elementor-widget-button\" data-id=\"8a22729\" data-element_type=\"widget\" data-e-type=\"widget\" data-widget_type=\"button.default\">\n\t\t\t\t<div class=\"elementor-widget-container\">\n\t\t\t\t\t\t\t\t\t<div class=\"elementor-button-wrapper\">\n\t\t\t\t\t<a class=\"elementor-button elementor-button-link elementor-size-sm\" href=\"https:\/\/medical-valley-forchheim.de\/en\/contact\/\">\n\t\t\t\t\t\t<span class=\"elementor-button-content-wrapper\">\n\t\t\t\t\t\t\t\t\t<span class=\"elementor-button-text\">Contact<\/span>\n\t\t\t\t\t<\/span>\n\t\t\t\t\t<\/a>\n\t\t\t\t<\/div>\n\t\t\t\t\t\t\t\t<\/div>\n\t\t\t\t<\/div>\n\t\t\t\t<\/div>\n\t\t<div class=\"elementor-element elementor-element-47f1c6ba e-con-full e-flex e-con e-child\" data-id=\"47f1c6ba\" data-element_type=\"container\" data-e-type=\"container\">\n\t\t\t\t<div class=\"elementor-element elementor-element-7ed4d208 elementor-widget elementor-widget-text-editor\" data-id=\"7ed4d208\" data-element_type=\"widget\" data-e-type=\"widget\" data-widget_type=\"text-editor.default\">\n\t\t\t\t<div class=\"elementor-widget-container\">\n\t\t\t\t\t\t\t\t\t<h2>Floor plans<\/h2>\t\t\t\t\t\t\t\t<\/div>\n\t\t\t\t<\/div>\n\t\t\t\t<div class=\"elementor-element elementor-element-7b95996 elementor-icon-list--layout-traditional elementor-list-item-link-full_width elementor-widget elementor-widget-icon-list\" data-id=\"7b95996\" data-element_type=\"widget\" data-e-type=\"widget\" data-widget_type=\"icon-list.default\">\n\t\t\t\t<div class=\"elementor-widget-container\">\n\t\t\t\t\t\t\t<ul class=\"elementor-icon-list-items\">\n\t\t\t\t\t\t\t<li class=\"elementor-icon-list-item\">\n\t\t\t\t\t\t\t\t\t\t\t<a href=\"https:\/\/medical-valley-forchheim.de\/wp-content\/uploads\/2023\/08\/grundriss-eg.pdf\">\n\n\t\t\t\t\t\t\t\t\t\t\t\t<span class=\"elementor-icon-list-icon\">\n\t\t\t\t\t\t\t<i aria-hidden=\"true\" class=\"far fa-file-pdf\"><\/i>\t\t\t\t\t\t<\/span>\n\t\t\t\t\t\t\t\t\t\t<span class=\"elementor-icon-list-text\">Ground floor plan<\/span>\n\t\t\t\t\t\t\t\t\t\t\t<\/a>\n\t\t\t\t\t\t\t\t\t<\/li>\n\t\t\t\t\t\t\t\t<li class=\"elementor-icon-list-item\">\n\t\t\t\t\t\t\t\t\t\t\t<a href=\"https:\/\/medical-valley-forchheim.de\/wp-content\/uploads\/2023\/08\/grundriss-1og.pdf\">\n\n\t\t\t\t\t\t\t\t\t\t\t\t<span class=\"elementor-icon-list-icon\">\n\t\t\t\t\t\t\t<i aria-hidden=\"true\" class=\"far fa-file-pdf\"><\/i>\t\t\t\t\t\t<\/span>\n\t\t\t\t\t\t\t\t\t\t<span class=\"elementor-icon-list-text\">Floor plan 1st floor<\/span>\n\t\t\t\t\t\t\t\t\t\t\t<\/a>\n\t\t\t\t\t\t\t\t\t<\/li>\n\t\t\t\t\t\t\t\t<li class=\"elementor-icon-list-item\">\n\t\t\t\t\t\t\t\t\t\t\t<a href=\"https:\/\/medical-valley-forchheim.de\/wp-content\/uploads\/2023\/08\/grundriss-2og.pdf\">\n\n\t\t\t\t\t\t\t\t\t\t\t\t<span class=\"elementor-icon-list-icon\">\n\t\t\t\t\t\t\t<i aria-hidden=\"true\" class=\"far fa-file-pdf\"><\/i>\t\t\t\t\t\t<\/span>\n\t\t\t\t\t\t\t\t\t\t<span class=\"elementor-icon-list-text\">Floor plan 2nd floor<\/span>\n\t\t\t\t\t\t\t\t\t\t\t<\/a>\n\t\t\t\t\t\t\t\t\t<\/li>\n\t\t\t\t\t\t\t\t<li class=\"elementor-icon-list-item\">\n\t\t\t\t\t\t\t\t\t\t\t<a href=\"https:\/\/medical-valley-forchheim.de\/wp-content\/uploads\/2023\/08\/grundriss-3og.pdf\">\n\n\t\t\t\t\t\t\t\t\t\t\t\t<span class=\"elementor-icon-list-icon\">\n\t\t\t\t\t\t\t<i aria-hidden=\"true\" class=\"far fa-file-pdf\"><\/i>\t\t\t\t\t\t<\/span>\n\t\t\t\t\t\t\t\t\t\t<span class=\"elementor-icon-list-text\">Floor plan 3rd floor<\/span>\n\t\t\t\t\t\t\t\t\t\t\t<\/a>\n\t\t\t\t\t\t\t\t\t<\/li>\n\t\t\t\t\t\t<\/ul>\n\t\t\t\t\t\t<\/div>\n\t\t\t\t<\/div>\n\t\t\t\t<\/div>\n\t\t\t\t\t<\/div>\n\t\t\t\t<\/div>\n\t\t<div class=\"elementor-element elementor-element-27d6ecce e-flex e-con-boxed e-con e-parent\" data-id=\"27d6ecce\" data-element_type=\"container\" data-e-type=\"container\">\n\t\t\t\t\t<div class=\"e-con-inner\">\n\t\t<div class=\"elementor-element elementor-element-46cb18ec e-con-full e-flex e-con e-child\" data-id=\"46cb18ec\" data-element_type=\"container\" data-e-type=\"container\">\n\t\t\t\t<div class=\"elementor-element elementor-element-8c38adb elementor-widget elementor-widget-image\" data-id=\"8c38adb\" data-element_type=\"widget\" data-e-type=\"widget\" data-widget_type=\"image.default\">\n\t\t\t\t<div class=\"elementor-widget-container\">\n\t\t\t\t\t\t\t\t\t\t\t\t\t\t\t<img fetchpriority=\"high\" decoding=\"async\" width=\"800\" height=\"449\" src=\"https:\/\/medical-valley-forchheim.de\/wp-content\/uploads\/2023\/08\/mvc-forchheim-012_1680_80-1024x575.jpg\" class=\"attachment-large size-large wp-image-973\" alt=\"Part of the staircase is visible in the ground floor corridor, accompanied by letterboxes and a door to the men&#039;s toilet.\" srcset=\"https:\/\/medical-valley-forchheim.de\/wp-content\/uploads\/2023\/08\/mvc-forchheim-012_1680_80-1024x575.jpg 1024w, https:\/\/medical-valley-forchheim.de\/wp-content\/uploads\/2023\/08\/mvc-forchheim-012_1680_80-300x169.jpg 300w, https:\/\/medical-valley-forchheim.de\/wp-content\/uploads\/2023\/08\/mvc-forchheim-012_1680_80-768x432.jpg 768w, https:\/\/medical-valley-forchheim.de\/wp-content\/uploads\/2023\/08\/mvc-forchheim-012_1680_80-1536x863.jpg 1536w, https:\/\/medical-valley-forchheim.de\/wp-content\/uploads\/2023\/08\/mvc-forchheim-012_1680_80-18x10.jpg 18w, https:\/\/medical-valley-forchheim.de\/wp-content\/uploads\/2023\/08\/mvc-forchheim-012_1680_80.jpg 1680w\" sizes=\"(max-width: 800px) 100vw, 800px\" \/>\t\t\t\t\t\t\t\t\t\t\t\t\t\t\t<\/div>\n\t\t\t\t<\/div>\n\t\t\t\t<\/div>\n\t\t<div class=\"elementor-element elementor-element-455e8935 e-con-full e-flex e-con e-child\" data-id=\"455e8935\" data-element_type=\"container\" data-e-type=\"container\">\n\t\t\t\t<div class=\"elementor-element elementor-element-ea0b4ad elementor-widget elementor-widget-image\" data-id=\"ea0b4ad\" data-element_type=\"widget\" data-e-type=\"widget\" data-widget_type=\"image.default\">\n\t\t\t\t<div class=\"elementor-widget-container\">\n\t\t\t\t\t\t\t\t\t\t\t\t\t\t\t<img decoding=\"async\" width=\"800\" height=\"449\" src=\"https:\/\/medical-valley-forchheim.de\/wp-content\/uploads\/2023\/08\/mvc-forchheim-011_1680_80-1024x575.jpg\" class=\"attachment-large size-large wp-image-972\" alt=\"In the white kitchen of the MVC is a raised dining table with chairs. Numerous cupboards offer plenty of storage space, while the area around the sink is in dark grey.\" srcset=\"https:\/\/medical-valley-forchheim.de\/wp-content\/uploads\/2023\/08\/mvc-forchheim-011_1680_80-1024x575.jpg 1024w, https:\/\/medical-valley-forchheim.de\/wp-content\/uploads\/2023\/08\/mvc-forchheim-011_1680_80-300x169.jpg 300w, https:\/\/medical-valley-forchheim.de\/wp-content\/uploads\/2023\/08\/mvc-forchheim-011_1680_80-768x432.jpg 768w, https:\/\/medical-valley-forchheim.de\/wp-content\/uploads\/2023\/08\/mvc-forchheim-011_1680_80-1536x863.jpg 1536w, https:\/\/medical-valley-forchheim.de\/wp-content\/uploads\/2023\/08\/mvc-forchheim-011_1680_80-18x10.jpg 18w, https:\/\/medical-valley-forchheim.de\/wp-content\/uploads\/2023\/08\/mvc-forchheim-011_1680_80.jpg 1680w\" sizes=\"(max-width: 800px) 100vw, 800px\" \/>\t\t\t\t\t\t\t\t\t\t\t\t\t\t\t<\/div>\n\t\t\t\t<\/div>\n\t\t\t\t<\/div>\n\t\t\t\t\t<\/div>\n\t\t\t\t<\/div>\n\t\t\t\t<\/div>","protected":false},"excerpt":{"rendered":"<p>B\u00fcror\u00e4ume im Medical Valley Center Forchheim mieten Das Medical Valley Center Forchheim bietet Wachstumsunternehmen im Bereich der Medizintechnik und Gesundheitswirtschaft exzellente B\u00fcrofl\u00e4chen in einem der wirtschaftlich st\u00e4rksten und wissenschaftlich aktivsten Medizintechnik-Cluster weltweit \u2013 dem Medical Valley Europ\u00e4ische Metropolregion N\u00fcrnberg. Vorteile 2.400 m\u00b2 flexible, repr\u00e4sentative B\u00fcror\u00e4ume individuell nutzbare Konferenzr\u00e4ume sowie Bereiche f\u00fcr Veranstaltungen und Gastronomie Einbettung [&hellip;]<\/p>\n","protected":false},"author":1,"featured_media":1127,"parent":440,"menu_order":0,"comment_status":"closed","ping_status":"closed","template":"","meta":{"footnotes":""},"class_list":["post-199","page","type-page","status-publish","has-post-thumbnail","hentry"],"aioseo_notices":[],"aioseo_head":"\n\t\t<!-- All in One SEO Pro 4.9.5.2 - aioseo.com -->\n\t<meta name=\"description\" content=\"Mieten Sie erstklassige B\u00fcrofl\u00e4chen im Medical Valley Center Forchheim. Exzellente B\u00fcror\u00e4ume in einem der st\u00e4rksten Medizintechnik-Cluster weltweit.\" \/>\n\t<meta name=\"robots\" content=\"max-image-preview:large\" \/>\n\t<link rel=\"canonical\" href=\"https:\/\/medical-valley-forchheim.de\/en\/services\/bueroraeume\/\" \/>\n\t<meta name=\"generator\" content=\"All in One SEO Pro (AIOSEO) 4.9.5.2\" \/>\n\t\t<meta property=\"og:locale\" content=\"en_GB\" \/>\n\t\t<meta property=\"og:site_name\" content=\"Medical Valley Forchheim GmbH -\" \/>\n\t\t<meta property=\"og:type\" content=\"article\" \/>\n\t\t<meta property=\"og:title\" content=\"Flexible B\u00fcror\u00e4ume - Medical Valley Forchheim GmbH\" \/>\n\t\t<meta property=\"og:description\" content=\"Mieten Sie erstklassige B\u00fcrofl\u00e4chen im Medical Valley Center Forchheim. Exzellente B\u00fcror\u00e4ume in einem der st\u00e4rksten Medizintechnik-Cluster weltweit.\" \/>\n\t\t<meta property=\"og:url\" content=\"https:\/\/medical-valley-forchheim.de\/en\/services\/bueroraeume\/\" \/>\n\t\t<meta property=\"og:image\" content=\"https:\/\/medical-valley-forchheim.de\/wp-content\/uploads\/2023\/08\/mvc-forchheim-012_1680_80.jpg\" \/>\n\t\t<meta property=\"og:image:secure_url\" content=\"https:\/\/medical-valley-forchheim.de\/wp-content\/uploads\/2023\/08\/mvc-forchheim-012_1680_80.jpg\" \/>\n\t\t<meta property=\"og:image:width\" content=\"1680\" \/>\n\t\t<meta property=\"og:image:height\" content=\"944\" \/>\n\t\t<meta property=\"article:published_time\" content=\"2023-08-19T11:23:21+00:00\" \/>\n\t\t<meta property=\"article:modified_time\" content=\"2023-09-06T13:33:40+00:00\" \/>\n\t\t<meta name=\"twitter:card\" content=\"summary_large_image\" \/>\n\t\t<meta name=\"twitter:title\" content=\"Flexible B\u00fcror\u00e4ume - Medical Valley Forchheim GmbH\" \/>\n\t\t<meta name=\"twitter:description\" content=\"Mieten Sie erstklassige B\u00fcrofl\u00e4chen im Medical Valley Center Forchheim. Exzellente B\u00fcror\u00e4ume in einem der st\u00e4rksten Medizintechnik-Cluster weltweit.\" \/>\n\t\t<meta name=\"twitter:image\" content=\"https:\/\/medical-valley-forchheim.de\/wp-content\/uploads\/2023\/08\/mvc-forchheim-012_1680_80.jpg\" \/>\n\t\t<script type=\"application\/ld+json\" class=\"aioseo-schema\">\n\t\t\t{\"@context\":\"https:\\\/\\\/schema.org\",\"@graph\":[{\"@type\":\"BreadcrumbList\",\"@id\":\"https:\\\/\\\/medical-valley-forchheim.de\\\/en\\\/services\\\/bueroraeume\\\/#breadcrumblist\",\"itemListElement\":[{\"@type\":\"ListItem\",\"@id\":\"https:\\\/\\\/medical-valley-forchheim.de\\\/en#listItem\",\"position\":1,\"name\":\"Home\",\"item\":\"https:\\\/\\\/medical-valley-forchheim.de\\\/en\",\"nextItem\":{\"@type\":\"ListItem\",\"@id\":\"https:\\\/\\\/medical-valley-forchheim.de\\\/en\\\/services\\\/#listItem\",\"name\":\"Services\"}},{\"@type\":\"ListItem\",\"@id\":\"https:\\\/\\\/medical-valley-forchheim.de\\\/en\\\/services\\\/#listItem\",\"position\":2,\"name\":\"Services\",\"item\":\"https:\\\/\\\/medical-valley-forchheim.de\\\/en\\\/services\\\/\",\"nextItem\":{\"@type\":\"ListItem\",\"@id\":\"https:\\\/\\\/medical-valley-forchheim.de\\\/en\\\/services\\\/bueroraeume\\\/#listItem\",\"name\":\"B\\u00fcror\\u00e4ume\"},\"previousItem\":{\"@type\":\"ListItem\",\"@id\":\"https:\\\/\\\/medical-valley-forchheim.de\\\/en#listItem\",\"name\":\"Home\"}},{\"@type\":\"ListItem\",\"@id\":\"https:\\\/\\\/medical-valley-forchheim.de\\\/en\\\/services\\\/bueroraeume\\\/#listItem\",\"position\":3,\"name\":\"B\\u00fcror\\u00e4ume\",\"previousItem\":{\"@type\":\"ListItem\",\"@id\":\"https:\\\/\\\/medical-valley-forchheim.de\\\/en\\\/services\\\/#listItem\",\"name\":\"Services\"}}]},{\"@type\":\"Organization\",\"@id\":\"https:\\\/\\\/medical-valley-forchheim.de\\\/en\\\/#organization\",\"name\":\"Medical Valley Center Forchheim\",\"url\":\"https:\\\/\\\/medical-valley-forchheim.de\\\/en\\\/\",\"telephone\":\"+4991919504010\",\"logo\":{\"@type\":\"ImageObject\",\"url\":\"https:\\\/\\\/medical-valley-forchheim.de\\\/wp-content\\\/uploads\\\/2023\\\/08\\\/medical-valley-logo.jpg\",\"@id\":\"https:\\\/\\\/medical-valley-forchheim.de\\\/en\\\/services\\\/bueroraeume\\\/#organizationLogo\"},\"image\":{\"@id\":\"https:\\\/\\\/medical-valley-forchheim.de\\\/en\\\/services\\\/bueroraeume\\\/#organizationLogo\"}},{\"@type\":\"WebPage\",\"@id\":\"https:\\\/\\\/medical-valley-forchheim.de\\\/en\\\/services\\\/bueroraeume\\\/#webpage\",\"url\":\"https:\\\/\\\/medical-valley-forchheim.de\\\/en\\\/services\\\/bueroraeume\\\/\",\"name\":\"Flexible B\\u00fcror\\u00e4ume - Medical Valley Forchheim GmbH\",\"description\":\"Mieten Sie erstklassige B\\u00fcrofl\\u00e4chen im Medical Valley Center Forchheim. Exzellente B\\u00fcror\\u00e4ume in einem der st\\u00e4rksten Medizintechnik-Cluster weltweit.\",\"inLanguage\":\"en-GB\",\"isPartOf\":{\"@id\":\"https:\\\/\\\/medical-valley-forchheim.de\\\/en\\\/#website\"},\"breadcrumb\":{\"@id\":\"https:\\\/\\\/medical-valley-forchheim.de\\\/en\\\/services\\\/bueroraeume\\\/#breadcrumblist\"},\"image\":{\"@type\":\"ImageObject\",\"url\":\"https:\\\/\\\/medical-valley-forchheim.de\\\/wp-content\\\/uploads\\\/2023\\\/08\\\/mvc-forchheim-013_1680_80.jpg\",\"@id\":\"https:\\\/\\\/medical-valley-forchheim.de\\\/en\\\/services\\\/bueroraeume\\\/#mainImage\",\"width\":1680,\"height\":944,\"caption\":\"Ein B\\u00fcroraum im Erdgeschoss des Medical Valley Forchheim. Modern gestaltet in heller wei\\u00dfer Farbgebung. Die Jalousien sind unten.\"},\"primaryImageOfPage\":{\"@id\":\"https:\\\/\\\/medical-valley-forchheim.de\\\/en\\\/services\\\/bueroraeume\\\/#mainImage\"},\"datePublished\":\"2023-08-19T13:23:21+02:00\",\"dateModified\":\"2023-09-06T15:33:40+02:00\"},{\"@type\":\"WebSite\",\"@id\":\"https:\\\/\\\/medical-valley-forchheim.de\\\/en\\\/#website\",\"url\":\"https:\\\/\\\/medical-valley-forchheim.de\\\/en\\\/\",\"name\":\"Medical Valley Center Forchheim\",\"inLanguage\":\"en-GB\",\"publisher\":{\"@id\":\"https:\\\/\\\/medical-valley-forchheim.de\\\/en\\\/#organization\"}}]}\n\t\t<\/script>\n\t\t<!-- All in One SEO Pro -->\r\n\t\t<title>Flexible B\u00fcror\u00e4ume - Medical Valley Forchheim GmbH<\/title>\n\n","aioseo_head_json":{"title":"Flexible office space - Medical Valley Forchheim GmbH","description":"Rent first-class office space in the Medical Valley Center Forchheim. Excellent office space in one of the strongest medical technology clusters worldwide.","canonical_url":"https:\/\/medical-valley-forchheim.de\/en\/services\/bueroraeume\/","robots":"max-image-preview:large","keywords":"","webmasterTools":{"miscellaneous":""},"schema":{"@context":"https:\/\/schema.org","@graph":[{"@type":"BreadcrumbList","@id":"https:\/\/medical-valley-forchheim.de\/en\/services\/bueroraeume\/#breadcrumblist","itemListElement":[{"@type":"ListItem","@id":"https:\/\/medical-valley-forchheim.de\/en#listItem","position":1,"name":"Home","item":"https:\/\/medical-valley-forchheim.de\/en","nextItem":{"@type":"ListItem","@id":"https:\/\/medical-valley-forchheim.de\/en\/services\/#listItem","name":"Services"}},{"@type":"ListItem","@id":"https:\/\/medical-valley-forchheim.de\/en\/services\/#listItem","position":2,"name":"Services","item":"https:\/\/medical-valley-forchheim.de\/en\/services\/","nextItem":{"@type":"ListItem","@id":"https:\/\/medical-valley-forchheim.de\/en\/services\/bueroraeume\/#listItem","name":"B\u00fcror\u00e4ume"},"previousItem":{"@type":"ListItem","@id":"https:\/\/medical-valley-forchheim.de\/en#listItem","name":"Home"}},{"@type":"ListItem","@id":"https:\/\/medical-valley-forchheim.de\/en\/services\/bueroraeume\/#listItem","position":3,"name":"B\u00fcror\u00e4ume","previousItem":{"@type":"ListItem","@id":"https:\/\/medical-valley-forchheim.de\/en\/services\/#listItem","name":"Services"}}]},{"@type":"Organization","@id":"https:\/\/medical-valley-forchheim.de\/en\/#organization","name":"Medical Valley Center Forchheim","url":"https:\/\/medical-valley-forchheim.de\/en\/","telephone":"+4991919504010","logo":{"@type":"ImageObject","url":"https:\/\/medical-valley-forchheim.de\/wp-content\/uploads\/2023\/08\/medical-valley-logo.jpg","@id":"https:\/\/medical-valley-forchheim.de\/en\/services\/bueroraeume\/#organizationLogo"},"image":{"@id":"https:\/\/medical-valley-forchheim.de\/en\/services\/bueroraeume\/#organizationLogo"}},{"@type":"WebPage","@id":"https:\/\/medical-valley-forchheim.de\/en\/services\/bueroraeume\/#webpage","url":"https:\/\/medical-valley-forchheim.de\/en\/services\/bueroraeume\/","name":"Flexible B\u00fcror\u00e4ume - Medical Valley Forchheim GmbH","description":"Mieten Sie erstklassige B\u00fcrofl\u00e4chen im Medical Valley Center Forchheim. Exzellente B\u00fcror\u00e4ume in einem der st\u00e4rksten Medizintechnik-Cluster weltweit.","inLanguage":"en-GB","isPartOf":{"@id":"https:\/\/medical-valley-forchheim.de\/en\/#website"},"breadcrumb":{"@id":"https:\/\/medical-valley-forchheim.de\/en\/services\/bueroraeume\/#breadcrumblist"},"image":{"@type":"ImageObject","url":"https:\/\/medical-valley-forchheim.de\/wp-content\/uploads\/2023\/08\/mvc-forchheim-013_1680_80.jpg","@id":"https:\/\/medical-valley-forchheim.de\/en\/services\/bueroraeume\/#mainImage","width":1680,"height":944,"caption":"Ein B\u00fcroraum im Erdgeschoss des Medical Valley Forchheim. Modern gestaltet in heller wei\u00dfer Farbgebung. Die Jalousien sind unten."},"primaryImageOfPage":{"@id":"https:\/\/medical-valley-forchheim.de\/en\/services\/bueroraeume\/#mainImage"},"datePublished":"2023-08-19T13:23:21+02:00","dateModified":"2023-09-06T15:33:40+02:00"},{"@type":"WebSite","@id":"https:\/\/medical-valley-forchheim.de\/en\/#website","url":"https:\/\/medical-valley-forchheim.de\/en\/","name":"Medical Valley Center Forchheim","inLanguage":"en-GB","publisher":{"@id":"https:\/\/medical-valley-forchheim.de\/en\/#organization"}}]},"og:locale":"en_GB","og:site_name":"Medical Valley Forchheim GmbH -","og:type":"article","og:title":"Flexible B\u00fcror\u00e4ume - Medical Valley Forchheim GmbH","og:description":"Mieten Sie erstklassige B\u00fcrofl\u00e4chen im Medical Valley Center Forchheim. Exzellente B\u00fcror\u00e4ume in einem der st\u00e4rksten Medizintechnik-Cluster weltweit.","og:url":"https:\/\/medical-valley-forchheim.de\/en\/services\/bueroraeume\/","og:image":"https:\/\/medical-valley-forchheim.de\/wp-content\/uploads\/2023\/08\/mvc-forchheim-012_1680_80.jpg","og:image:secure_url":"https:\/\/medical-valley-forchheim.de\/wp-content\/uploads\/2023\/08\/mvc-forchheim-012_1680_80.jpg","og:image:width":1680,"og:image:height":944,"article:published_time":"2023-08-19T11:23:21+00:00","article:modified_time":"2023-09-06T13:33:40+00:00","twitter:card":"summary_large_image","twitter:title":"Flexible B\u00fcror\u00e4ume - Medical Valley Forchheim GmbH","twitter:description":"Mieten Sie erstklassige B\u00fcrofl\u00e4chen im Medical Valley Center Forchheim. Exzellente B\u00fcror\u00e4ume in einem der st\u00e4rksten Medizintechnik-Cluster weltweit.","twitter:image":"https:\/\/medical-valley-forchheim.de\/wp-content\/uploads\/2023\/08\/mvc-forchheim-012_1680_80.jpg"},"aioseo_meta_data":{"post_id":"199","title":"Flexible office space #separator_sa #site_title","description":"Rent first-class office space in the Medical Valley Center Forchheim. Excellent office space in one of the strongest medical technology clusters worldwide.","keywords":null,"keyphrases":null,"primary_term":null,"canonical_url":null,"og_title":null,"og_description":null,"og_object_type":"default","og_image_type":"default","og_image_url":null,"og_image_width":null,"og_image_height":null,"og_image_custom_url":null,"og_image_custom_fields":null,"og_video":"","og_custom_url":null,"og_article_section":null,"og_article_tags":null,"twitter_use_og":false,"twitter_card":"default","twitter_image_type":"default","twitter_image_url":null,"twitter_image_custom_url":null,"twitter_image_custom_fields":null,"twitter_title":null,"twitter_description":null,"schema":{"blockGraphs":[],"customGraphs":[],"default":{"data":{"Article":[],"Course":[],"Dataset":[],"FAQPage":[],"Movie":[],"Person":[],"Product":[],"ProductReview":[],"Car":[],"Recipe":[],"Service":[],"SoftwareApplication":[],"WebPage":[]},"graphName":"","isEnabled":true},"graphs":[]},"schema_type":"default","schema_type_options":null,"pillar_content":false,"robots_default":true,"robots_noindex":false,"robots_noarchive":false,"robots_nosnippet":false,"robots_nofollow":false,"robots_noimageindex":false,"robots_noodp":false,"robots_notranslate":false,"robots_max_snippet":"-1","robots_max_videopreview":"-1","robots_max_imagepreview":"large","priority":null,"frequency":"default","local_seo":null,"seo_analyzer_scan_date":"2025-08-21 08:13:08","breadcrumb_settings":null,"limit_modified_date":false,"open_ai":"{\"title\":{\"suggestions\":[],\"usage\":0},\"description\":{\"suggestions\":[],\"usage\":0}}","ai":null,"created":"2023-09-01 12:39:18","updated":"2025-10-23 01:02:26"},"_links":{"self":[{"href":"https:\/\/medical-valley-forchheim.de\/en\/wp-json\/wp\/v2\/pages\/199","targetHints":{"allow":["GET"]}}],"collection":[{"href":"https:\/\/medical-valley-forchheim.de\/en\/wp-json\/wp\/v2\/pages"}],"about":[{"href":"https:\/\/medical-valley-forchheim.de\/en\/wp-json\/wp\/v2\/types\/page"}],"author":[{"embeddable":true,"href":"https:\/\/medical-valley-forchheim.de\/en\/wp-json\/wp\/v2\/users\/1"}],"replies":[{"embeddable":true,"href":"https:\/\/medical-valley-forchheim.de\/en\/wp-json\/wp\/v2\/comments?post=199"}],"version-history":[{"count":0,"href":"https:\/\/medical-valley-forchheim.de\/en\/wp-json\/wp\/v2\/pages\/199\/revisions"}],"up":[{"embeddable":true,"href":"https:\/\/medical-valley-forchheim.de\/en\/wp-json\/wp\/v2\/pages\/440"}],"wp:featuredmedia":[{"embeddable":true,"href":"https:\/\/medical-valley-forchheim.de\/en\/wp-json\/wp\/v2\/media\/1127"}],"wp:attachment":[{"href":"https:\/\/medical-valley-forchheim.de\/en\/wp-json\/wp\/v2\/media?parent=199"}],"curies":[{"name":"wp","href":"https:\/\/api.w.org\/{rel}","templated":true}]}}